{"id":1054,"date":"2016-04-05T17:52:20","date_gmt":"2016-04-05T15:52:20","guid":{"rendered":"http:\/\/www.arc-leipzig.de\/?page_id=1054"},"modified":"2016-04-11T14:00:10","modified_gmt":"2016-04-11T12:00:10","slug":"chu-braunschweig-2015","status":"publish","type":"page","link":"http:\/\/www.arc-leipzig.de\/?page_id=1054","title":{"rendered":"CHU Braunschweig 2015"},"content":{"rendered":"<p style=\"text-align: justify;\"><span>Mit einem tetrisartig-beladenen Auto machten sich Max, Marcus, Anna und K\u00fcken Helke auf den Weg zum CHU nach Braunschweig, welches vom 20.11.2015 &#8211; 22.11.2015 ausgetragen wurde. Nach kurzweiligem Aufenthalt in der Turnhalle, ging es verkleidet zum Maskenball \u2013 Viel Schlaf hatten die vier nach dieser legend\u00e4\u00e4\u00e4\u00e4ren Nacht nicht.<\/span><\/p>\n<p style=\"text-align: justify;\">Nach einem entspannten Morgen mit leckerem Fr\u00fchst\u00fcck starteten Helke, Max und Marcus in die A-Runde der Dressur. Leider konnte sich keiner der drei f\u00fcr die 1. L-Runde qualifizieren. Mit einer Mannschaftsnote von 7.0 war man dennoch zufrieden. Nun hatte man Zeit f\u00fcr Wettk\u00e4mpfe anderer Art. Twister und Reiten eines Gummipferdes standen auf dem Programm. Wie man sehen konnte, hatte Max auch mit dieser Art von Reiten gar keine Probleme und galoppierte \u00fcber ein Hindernis nach dem anderen. Unausgeruht aber trotzdem motiviert ging es am Samstagabend auf Party Nr. 2. Es wurde gesungen, gefeiert und geknotet bis zum UMFALLEN!<\/p>\n<p style=\"text-align: justify;\">Nach einem wiederum gelungenen Fr\u00fchst\u00fcck am Sonntag, ging es dann zum interessanteren Teil \u00fcber \u2013 dem Springen. Mit einer Wertnote von 7.5 konnte sich Helke in die n\u00e4chste Runde reiten. Trotz einer durchaus sehr guten Note von 7.6 in der 1. L-Runde, musste sie sich gegen Frankfurt geschlagen geben.<\/p>\n<p style=\"text-align: justify;\">Die Mannschaft erreichte einen souver\u00e4nen 8. Platz, Helke wurde 5. im Springen. Nach einer verregneten Heimfahrt erreichten sie fr\u00f6hlich aber v\u00f6llig ersch\u00f6pft das sch\u00f6ne Leipzig. <span style=\"line-height: 1.71429; font-size: 1rem;\">Ein lautes <\/span><span style=\"line-height: 1.71429; font-size: 1rem;\"><strong>OOOOOOOOOH BRAUNSCHWEIG <\/strong><\/span><span style=\"line-height: 1.71429; font-size: 1rem;\">f\u00fcr dieses <\/span><span style=\"line-height: 1.71429; font-size: 1rem;\">traum<\/span><span style=\"line-height: 1.71429; font-size: 1rem;\">sch\u00f6ne Turnier!!<\/span><\/p>\n","protected":false},"excerpt":{"rendered":"<p>Mit einem tetrisartig-beladenen Auto machten sich Max, Marcus, Anna und K\u00fcken Helke auf den Weg zum CHU nach Braunschweig, welches vom 20.11.2015 &#8211; 22.11.2015 ausgetragen wurde. Nach kurzweiligem Aufenthalt in der Turnhalle, ging es verkleidet zum Maskenball \u2013 Viel Schlaf hatten die vier nach dieser legend\u00e4\u00e4\u00e4\u00e4ren Nacht nicht. Nach einem entspannten Morgen mit leckerem Fr\u00fchst\u00fcck [&hellip;]<\/p>\n","protected":false},"author":6,"featured_media":0,"parent":23,"menu_order":0,"comment_status":"closed","ping_status":"open","template":"","meta":[],"_links":{"self":[{"href":"http:\/\/www.arc-leipzig.de\/index.php?rest_route=\/wp\/v2\/pages\/1054"}],"collection":[{"href":"http:\/\/www.arc-leipzig.de\/index.php?rest_route=\/wp\/v2\/pages"}],"about":[{"href":"http:\/\/www.arc-leipzig.de\/index.php?rest_route=\/wp\/v2\/types\/page"}],"author":[{"embeddable":true,"href":"http:\/\/www.arc-leipzig.de\/index.php?rest_route=\/wp\/v2\/users\/6"}],"replies":[{"embeddable":true,"href":"http:\/\/www.arc-leipzig.de\/index.php?rest_route=%2Fwp%2Fv2%2Fcomments&post=1054"}],"version-history":[{"count":6,"href":"http:\/\/www.arc-leipzig.de\/index.php?rest_route=\/wp\/v2\/pages\/1054\/revisions"}],"predecessor-version":[{"id":1058,"href":"http:\/\/www.arc-leipzig.de\/index.php?rest_route=\/wp\/v2\/pages\/1054\/revisions\/1058"}],"up":[{"embeddable":true,"href":"http:\/\/www.arc-leipzig.de\/index.php?rest_route=\/wp\/v2\/pages\/23"}],"wp:attachment":[{"href":"http:\/\/www.arc-leipzig.de\/index.php?rest_route=%2Fwp%2Fv2%2Fmedia&parent=1054"}],"curies":[{"name":"wp","href":"https:\/\/api.w.org\/{rel}","templated":true}]}}