{"id":1087,"date":"2016-05-09T10:18:31","date_gmt":"2016-05-09T08:18:31","guid":{"rendered":"http:\/\/www.arc-leipzig.de\/?page_id=1087"},"modified":"2016-05-09T10:18:31","modified_gmt":"2016-05-09T08:18:31","slug":"chu-halle-2016","status":"publish","type":"page","link":"http:\/\/www.arc-leipzig.de\/?page_id=1087","title":{"rendered":"CHU Halle 2016"},"content":{"rendered":"<p style=\"text-align: justify;\"><span style=\"font-family: Arial, sans-serif; color: #000000;\">Voller Vorfreude und in Topbesetzung mit Reitern und zahlreichen Schlabus haben sich die Leipziger Zirkuspferde am 15.04.16 auf den kurzen Weg zum n\u00e4chsten Vorstellungsort bei unseren Freunden aus Halle gemacht. Trotz der weiten Anfahrt von Selina, hatte diese schon ein ausreichend gro\u00dfes Areal f\u00fcr die Leipziger Lumalandschaft gesichert, bis dann mit kleinen Umwegen auch der \u00fcberaus gut gelaunte Leipziger Tross im beschaulichen Beesenstedt eintraf. Nach Errichten der Schlafst\u00e4tten wurden noch die letzten Bastelma\u00dfnahmen f\u00fcr das Kost\u00fcm vorgenommen, um dann als 17 k\u00f6pfige Zirkuspferdeherde den Fu\u00dfweg zur nahe gelegenen Partylocation anzutreten. Wie gewohnt hie\u00df es f\u00fcr die Leipziger Zirkuspferde bis in die fr\u00fchen Morgenstunden \u201eManege frei\u201c. Es wurde flei\u00dfig gesungen und nat\u00fcrlich geknotet bis die Hufe qualmten \ud83d\ude09<\/span><\/p>\n<p style=\"text-align: justify;\"><span style=\"font-family: Arial, sans-serif; color: #000000;\">Unsere Reiterinnen Leda, Lydia und Selina waren hochmotiviert, um nochmal wichtige Punkte zum Saisonabschluss f\u00fcr die Rangliste zu sammeln. Dar\u00fcber hinaus sollte es ein gelungener Abschluss f\u00fcr Selinas aktive Studentenreitlaufbahn werden. Schon Samstagmorgen wurde beim reichhaltigen Fr\u00fchst\u00fcck die Zeit bis zum Start der Dressur, wir ware durch gekonntes Losen erst in der zweiten Abteilung an der Reihe, mit einer Knoten- und Gesangseinlage der Reiterinnen \u00fcberbr\u00fcckt, um der teils noch recht verschlafenen Konkurrenz zu zeigen, Leipzig ist bereit und stets hellwach \ud83d\ude09<\/span><\/p>\n<p style=\"text-align: justify;\"><span style=\"font-family: Arial, sans-serif; color: #000000;\">Im Rahmen einer soliden Mannschaftsdressur qualifizierten sich Lydi, die knapp am Stilpreis vorbeischlitterte, und Selina f\u00fcr die n\u00e4chste Runde und mit der tagesbesten Mannschaftsnote war ein guter Grundstein f\u00fcr das Mannschaftsergebnis gelegt. Unser Superk\u00fcken Lydi k\u00e4mpfte sich mit durchweg guten Leistungen und schon deutlich entspannter als noch bei der Quali im Vorjahr in Mainz, von Runde zu Runde bis ins Dressurfinale vor, das sie letzlich mit einem traumsch\u00f6nen Ritt f\u00fcr sich entscheiden konnte!!! Nur an der Performance beim Finalknutschen m\u00fcssen wir noch ein bisschen feilen, denn dabei handelt es sich ja schlie\u00dflich nicht um Finalrollen^^<\/span><\/p>\n<p style=\"text-align: justify;\"><span style=\"font-family: Arial, sans-serif; color: #000000;\">Selina musste sich als zweite Reiterin auf dem gro\u00dfen Braunen, dessen reiterliche Herausforderung laut Beitzer darin lag, die Psyche des Pferdes in den Griff zu bekommen, trotz einer guten Leistung und einem von dem Ritt begeisterten Pferdebesitzer, ganz knapp in der ersten L-Runde der Konkurrenz geschlagen geben und bekam somit leider nicht die Chance, ihr K\u00f6nnen erneut auf einem, der von ihr so geliebten, Hafis unter Beweis zu stellen \ud83d\ude41 Aber durch die gro\u00dfe Differenz zur dritten Reiterin auf diesem Pferd, bedeutete dies in der Endabrechnung einen guten 6.Platz. <\/span><\/p>\n<p style=\"text-align: justify;\"><span style=\"color: #000000;\"><span style=\"font-family: Arial, sans-serif;\">Neben dem Platz war die Laune trotz durchwachsener Wetterlage hervorragend. Dadurch, dass f\u00fcr unsere Mannschaft erst am Sonntag das Springen auf dem Programm stand, konnten schonmal die Pferde und der Pacour f\u00fcr den kommenden Tag begutachtet werden. B<\/span><span style=\"font-family: Arial, sans-serif;\">eim anschlie\u00dfenden Rahmenprogramm stellten sich drei unserer ausdauernden Schlabus den kniffligen Aufgaben des Schlabuwettkampfs und sorgten somit f\u00fcr gute Unterhaltung der Zuschauer.<\/span><\/span><\/p>\n<p style=\"text-align: justify;\"><span style=\"font-family: Arial, sans-serif; color: #000000;\">Nach dem Abendessen und anschlie\u00dfendem wohlverdienten Nickerchen, ging es Samstagabend wieder munter und gut gelaunt zur Ridersnight, wo in leicht ver\u00e4nderter Besetzung zum Vorabend (unter anderem mit der Unterst\u00fctzung unserer edlen Zirkushengste Willi und Tobi) wie gewohnt Vollgas gegeben und das Tanzbein geschwungen wurde. <\/span><\/p>\n<p style=\"text-align: justify;\"><span style=\"font-family: Arial, sans-serif; color: #000000;\">Bei dem erneut gut best\u00fcckten Fr\u00fchst\u00fcck begann sich bei Leda langsam wieder ihr Grauen vor dem Springen breit zu machen, doch wie gewohnt \u00fcberwand sie kurz darauf nicht nur ihr Unbehagen, sondern auch den Pacour mit einer soliden Runde, die an diesem Wochenende jedoch nicht zum Weiterkommen reichte. Lydi hatte sich zu Ledas und Selinas gro\u00dfer Erleichterung bereiterkl\u00e4rt, den sonst wohl recht braven Wallach von Toni aus Dresden zu reiten, der sich beim Abreiten jedoch sehr ungest\u00fcm zeigte und seine Reiterin beim Vorreiten schon zwei mal verloren hatte. Bei Lydi zeigte er sich dann zum Gl\u00fcck von seiner manierlicheren Seite. Allerdings lie\u00df sich Lydi eventuell ein wenig zu stark vom Rat der Besitzerin abschrecken und h\u00f6rte nicht auf ihr Bauchgef\u00fchl, Sporen zur besseren Feinabstimmung anzubauen, was m\u00f6glicherweise das kleine Quentchen, das zum Weiterkommen gefehlt hat, ausgemacht hat. Selina durfte als letzte Reiterin wieder das Pferdchen, das sie schon am Vortag in der A-Dressur weitergebracht hatte, \u00fcber einen verk\u00fcrzten, und um die Oxerstangen beraubten, Pacours reiten. Im Gegensatz zu ihrem Vorg\u00e4nger konnte Selina ohne Abw\u00fcrfe bleiben, allerdings hatte Helene aus Ilmenau als erste Reiterin noch das frischeste Tier und konnte eine etwas harmonischere Runde zeigen. Somit konnten sich nun alle Leipziger gem\u00fctlich und ohne Zeitdruck am leckeren Grillbuffet den Bauch vor allem mit gaaaanz viel Grillk\u00e4se vollschlagen.<\/span><\/p>\n<p style=\"text-align: justify;\"><span style=\"font-family: Arial, sans-serif; line-height: 1.71429; font-size: 1rem; color: #000000;\">Zum Zeitvertreib bis zur Siegerehrung wurde gesungen und geknotet und was \u201eHulapalu\u201c ist, wei\u00df nun wirklich jeder, der an diesem Wochenende mit in Beesenstedt war \ud83d\ude09<\/span><\/p>\n<p style=\"text-align: justify;\"><span style=\"font-family: Arial, sans-serif; color: #000000;\">In der Einzelwertung konnte Selina durch die gute Platzierung in der Dressur und eine kleine Differenz im Springen noch den 12. Platz in der kombinierten Wertung mit nach Hause bringen. In der Mannschaftswertung schafften es unsere Reiterinnen wie erhofft zum Saisonabschluss nochmal, mit einem guten 4. Platz, wichtige Punkte f\u00fcr die Rangliste zu ergattern \ud83d\ude42<\/span><\/p>\n<p style=\"text-align: justify;\"><span style=\"font-family: Arial, sans-serif; color: #000000;\">Wie in den Vorjahren war es ein gut organisiertes CHU mit tollen Pferden, gutem Essen und ausgelassenen Partys, nur den allj\u00e4hrlichen ersten Sonnenbrand des Jahres gab es in diesem Jahr nicht gratis dazu \ud83d\ude09 Mit einem lauten OOOOOHHHH Halle haben wir uns von unseren Freunden aus Halle verabschiedet und die relativ kurze Heimreise ins benachbarte Leipzig angetreten.<\/span><\/p>\n<p style=\"text-align: justify;\"><span style=\"font-family: Arial, sans-serif; line-height: 1.71429; font-size: 1rem; color: #000000;\">Mit einem gelungenen Abschluss einer durchwachsenen Saison verabschieden sich die Leipziger Studentenreiter nun mit einem lauten OOOOHHHHH LEIPZIG in die Sommerpause \ud83d\ude42<\/span><\/p>\n","protected":false},"excerpt":{"rendered":"<p>Voller Vorfreude und in Topbesetzung mit Reitern und zahlreichen Schlabus haben sich die Leipziger Zirkuspferde am 15.04.16 auf den kurzen Weg zum n\u00e4chsten Vorstellungsort bei unseren Freunden aus Halle gemacht. Trotz der weiten Anfahrt von Selina, hatte diese schon ein ausreichend gro\u00dfes Areal f\u00fcr die Leipziger Lumalandschaft gesichert, bis dann mit kleinen Umwegen auch der [&hellip;]<\/p>\n","protected":false},"author":6,"featured_media":0,"parent":23,"menu_order":0,"comment_status":"closed","ping_status":"open","template":"","meta":[],"_links":{"self":[{"href":"http:\/\/www.arc-leipzig.de\/index.php?rest_route=\/wp\/v2\/pages\/1087"}],"collection":[{"href":"http:\/\/www.arc-leipzig.de\/index.php?rest_route=\/wp\/v2\/pages"}],"about":[{"href":"http:\/\/www.arc-leipzig.de\/index.php?rest_route=\/wp\/v2\/types\/page"}],"author":[{"embeddable":true,"href":"http:\/\/www.arc-leipzig.de\/index.php?rest_route=\/wp\/v2\/users\/6"}],"replies":[{"embeddable":true,"href":"http:\/\/www.arc-leipzig.de\/index.php?rest_route=%2Fwp%2Fv2%2Fcomments&post=1087"}],"version-history":[{"count":2,"href":"http:\/\/www.arc-leipzig.de\/index.php?rest_route=\/wp\/v2\/pages\/1087\/revisions"}],"predecessor-version":[{"id":1089,"href":"http:\/\/www.arc-leipzig.de\/index.php?rest_route=\/wp\/v2\/pages\/1087\/revisions\/1089"}],"up":[{"embeddable":true,"href":"http:\/\/www.arc-leipzig.de\/index.php?rest_route=\/wp\/v2\/pages\/23"}],"wp:attachment":[{"href":"http:\/\/www.arc-leipzig.de\/index.php?rest_route=%2Fwp%2Fv2%2Fmedia&parent=1087"}],"curies":[{"name":"wp","href":"https:\/\/api.w.org\/{rel}","templated":true}]}}