{"id":121,"date":"2013-03-17T11:26:48","date_gmt":"2013-03-17T09:26:48","guid":{"rendered":"http:\/\/26883.webhosting8.1blu.de\/ARC_Wordpress\/?page_id=121"},"modified":"2025-04-15T10:05:02","modified_gmt":"2025-04-15T08:05:02","slug":"stammtisch","status":"publish","type":"page","link":"http:\/\/www.arc-leipzig.de\/?page_id=121","title":{"rendered":"Aktivit\u00e4ten"},"content":{"rendered":"<h2><a href=\"http:\/\/www.arc-leipzig.de\/wp-content\/uploads\/2025\/04\/7fcee3ef-3713-4164-9ac3-bf975e9e157b-e1744702099278.jpg\"><img decoding=\"async\" loading=\"lazy\" class=\"wp-image-1491 aligncenter\" src=\"http:\/\/www.arc-leipzig.de\/wp-content\/uploads\/2025\/04\/7fcee3ef-3713-4164-9ac3-bf975e9e157b-e1744702099278-300x211.jpg\" alt=\"\" width=\"654\" height=\"460\" srcset=\"http:\/\/www.arc-leipzig.de\/wp-content\/uploads\/2025\/04\/7fcee3ef-3713-4164-9ac3-bf975e9e157b-e1744702099278-300x211.jpg 300w, http:\/\/www.arc-leipzig.de\/wp-content\/uploads\/2025\/04\/7fcee3ef-3713-4164-9ac3-bf975e9e157b-e1744702099278-1024x721.jpg 1024w, http:\/\/www.arc-leipzig.de\/wp-content\/uploads\/2025\/04\/7fcee3ef-3713-4164-9ac3-bf975e9e157b-e1744702099278-768x541.jpg 768w, http:\/\/www.arc-leipzig.de\/wp-content\/uploads\/2025\/04\/7fcee3ef-3713-4164-9ac3-bf975e9e157b-e1744702099278-624x439.jpg 624w, http:\/\/www.arc-leipzig.de\/wp-content\/uploads\/2025\/04\/7fcee3ef-3713-4164-9ac3-bf975e9e157b-e1744702099278.jpg 1068w\" sizes=\"(max-width: 654px) 100vw, 654px\" \/><\/a><\/h2>\n<h2 style=\"text-align: justify;\">Stammtisch der Studentenreiter Leipzig<\/h2>\n<p class=\"\" data-start=\"57\" data-end=\"425\"><strong data-start=\"57\" data-end=\"85\">Jeden Dienstag ab 20 Uhr<\/strong> treffen wir uns zum w\u00f6chentlichen Stammtisch! Ihr k\u00f6nnt euch gerne \u00fcber unser Instagram bei unseren Obleuten melden. In den Semesterferien, wenn viele Studentenreiter*innen nicht vor Ort sind, finden die Stammtische nur gelegentlich statt. Aber wir freuen uns immer riesig, neue Gesichter in unserer gem\u00fctlichen Runde willkommen zu hei\u00dfen!<\/p>\n<p class=\"\" data-start=\"427\" data-end=\"556\">Also, traut euch \u2013 kommt vorbei und besucht unseren Stammtisch!<br data-start=\"490\" data-end=\"493\" \/>Wir freuen uns auf euch,<br data-start=\"517\" data-end=\"520\" \/>eure <strong data-start=\"525\" data-end=\"552\">Studentenreiter Leipzig<\/strong><\/p>\n<h2 style=\"text-align: justify;\">Studententurniere &#8211; CHU (Concours Hippique Universitaire) &#8211; Hochschulvergleichsturnier<\/h2>\n<h3>Wie funktioniert ein CHU?\u00a0<\/h3>\n<p>Studentenreitturniere unterscheiden sich deutlich von herk\u00f6mmlichen Reitturnieren. Die Reiter:innen treten im <strong data-start=\"164\" data-end=\"179\">K.O.-System<\/strong> gegeneinander an, wobei sie auf <strong data-start=\"212\" data-end=\"228\">Fremdpferden<\/strong> reiten, die von der gastgebenden Reitgruppe gestellt werden. \u00dcblicherweise bestehen die Teams aus jeweils drei Reitern, und es nehmen insgesamt 12 Mannschaften an dem Turnier teil.<\/p>\n<p>Ein CHU erstreckt sich traditionell \u00fcber ein ganzes Wochenende und steht jedes Jahr unter einem besonderen Motto.<\/p>\n<h3>Freitag: Eintreffen und Mottoparty<\/h3>\n<p>Am Abend kommen die Reitgruppen in der Turnhalle an, richten ihre Schlafpl\u00e4tze her und bereiten sich auf die bevorstehende Motto-Party vor. Zur Party? Zur Party!\u00a0<\/p>\n<p><img decoding=\"async\" loading=\"lazy\" class=\"wp-image-1495 alignleft\" src=\"http:\/\/www.arc-leipzig.de\/wp-content\/uploads\/2025\/04\/IMG_4565-1-scaled-e1744702700426-300x174.jpg\" alt=\"\" width=\"261\" height=\"151\" srcset=\"http:\/\/www.arc-leipzig.de\/wp-content\/uploads\/2025\/04\/IMG_4565-1-scaled-e1744702700426-300x174.jpg 300w, http:\/\/www.arc-leipzig.de\/wp-content\/uploads\/2025\/04\/IMG_4565-1-scaled-e1744702700426-1024x594.jpg 1024w, http:\/\/www.arc-leipzig.de\/wp-content\/uploads\/2025\/04\/IMG_4565-1-scaled-e1744702700426-768x445.jpg 768w, http:\/\/www.arc-leipzig.de\/wp-content\/uploads\/2025\/04\/IMG_4565-1-scaled-e1744702700426-1536x890.jpg 1536w, http:\/\/www.arc-leipzig.de\/wp-content\/uploads\/2025\/04\/IMG_4565-1-scaled-e1744702700426-624x362.jpg 624w, http:\/\/www.arc-leipzig.de\/wp-content\/uploads\/2025\/04\/IMG_4565-1-scaled-e1744702700426.jpg 1920w\" sizes=\"(max-width: 261px) 100vw, 261px\" \/><\/p>\n<p><a style=\"font-size: revert;\" href=\"http:\/\/www.arc-leipzig.de\/wp-content\/uploads\/2025\/04\/IMG_1518-scaled-e1744702783292.jpg\"><img decoding=\"async\" loading=\"lazy\" class=\"wp-image-1496 alignleft\" src=\"http:\/\/www.arc-leipzig.de\/wp-content\/uploads\/2025\/04\/IMG_1518-scaled-e1744702783292-300x212.jpg\" alt=\"\" width=\"213\" height=\"151\" srcset=\"http:\/\/www.arc-leipzig.de\/wp-content\/uploads\/2025\/04\/IMG_1518-scaled-e1744702783292-300x212.jpg 300w, http:\/\/www.arc-leipzig.de\/wp-content\/uploads\/2025\/04\/IMG_1518-scaled-e1744702783292-1024x723.jpg 1024w, http:\/\/www.arc-leipzig.de\/wp-content\/uploads\/2025\/04\/IMG_1518-scaled-e1744702783292-768x542.jpg 768w, http:\/\/www.arc-leipzig.de\/wp-content\/uploads\/2025\/04\/IMG_1518-scaled-e1744702783292-1536x1085.jpg 1536w, http:\/\/www.arc-leipzig.de\/wp-content\/uploads\/2025\/04\/IMG_1518-scaled-e1744702783292-624x441.jpg 624w, http:\/\/www.arc-leipzig.de\/wp-content\/uploads\/2025\/04\/IMG_1518-scaled-e1744702783292.jpg 1920w\" sizes=\"(max-width: 213px) 100vw, 213px\" \/><\/a><\/p>\n<p>\u00a0<\/p>\n<h3>Samstag: Dressur und Party\u00a0<\/h3>\n<p class=\"\" data-start=\"0\" data-end=\"324\">Nach dem Wecken und einem gemeinsamen Fr\u00fchst\u00fcck auf der Anlage starten die Pr\u00fcfungen mit einer <strong data-start=\"95\" data-end=\"116\">Pferdevorstellung<\/strong>. Die Pferde werden im Losverfahren zugelost. Jeweils drei Reiter aus verschiedenen Reitgruppen treten gegeneinander an. Der Reiter, der die beste Note auf einem Pferd erzielt, zieht in die n\u00e4chste Runde ein.<\/p>\n<p class=\"\" data-start=\"326\" data-end=\"693\">Die erste Runde besteht aus einer <strong data-start=\"360\" data-end=\"373\">Mannschaftsdressur auf A-Niveau<\/strong>. In dieser Runde gibt es sowohl <strong data-start=\"492\" data-end=\"526\">Team- als auch Einzelwertnoten<\/strong>, zus\u00e4tzlich wird der <strong data-start=\"548\" data-end=\"561\">Stilpreis<\/strong> vergeben. In der n\u00e4chsten Runde folgt eine <strong data-start=\"605\" data-end=\"629\">L-Dressur auf Trense<\/strong>, und im <strong data-start=\"638\" data-end=\"652\">Halbfinale<\/strong> steht eine <strong data-start=\"664\" data-end=\"689\">L-Dressur auf Kandare<\/strong> an.<\/p>\n<p class=\"\" data-start=\"695\" data-end=\"817\">Nach dem Reiten geht es entweder zum <strong data-start=\"732\" data-end=\"750\">Rahmenprogramm<\/strong> oder zur\u00fcck in die Turnhalle, wo die Partyvorbereitungen beginnen.<\/p>\n<p data-start=\"695\" data-end=\"817\"><a href=\"http:\/\/www.arc-leipzig.de\/wp-content\/uploads\/2025\/04\/Foto-13.04.25-20-56-20-83-scaled-e1744702969928.jpg\"><img decoding=\"async\" loading=\"lazy\" class=\"alignnone  wp-image-1476\" src=\"http:\/\/www.arc-leipzig.de\/wp-content\/uploads\/2025\/04\/Foto-13.04.25-20-56-20-83-scaled-e1744702969928-300x103.jpg\" alt=\"\" width=\"419\" height=\"144\" srcset=\"http:\/\/www.arc-leipzig.de\/wp-content\/uploads\/2025\/04\/Foto-13.04.25-20-56-20-83-scaled-e1744702969928-300x103.jpg 300w, http:\/\/www.arc-leipzig.de\/wp-content\/uploads\/2025\/04\/Foto-13.04.25-20-56-20-83-scaled-e1744702969928-1024x353.jpg 1024w, http:\/\/www.arc-leipzig.de\/wp-content\/uploads\/2025\/04\/Foto-13.04.25-20-56-20-83-scaled-e1744702969928-768x265.jpg 768w, http:\/\/www.arc-leipzig.de\/wp-content\/uploads\/2025\/04\/Foto-13.04.25-20-56-20-83-scaled-e1744702969928-1536x530.jpg 1536w, http:\/\/www.arc-leipzig.de\/wp-content\/uploads\/2025\/04\/Foto-13.04.25-20-56-20-83-scaled-e1744702969928-2048x706.jpg 2048w, http:\/\/www.arc-leipzig.de\/wp-content\/uploads\/2025\/04\/Foto-13.04.25-20-56-20-83-scaled-e1744702969928-624x215.jpg 624w\" sizes=\"(max-width: 419px) 100vw, 419px\" \/><\/a><\/p>\n<h3 data-start=\"695\" data-end=\"817\">Sonntag: Springen und Finale\u00a0<\/h3>\n<p class=\"\" data-start=\"0\" data-end=\"436\">Am Sonntag beginnen die <strong data-start=\"24\" data-end=\"43\">Springpr\u00fcfungen<\/strong>. Wie bereits in der Dressur treten auch hier jeweils drei Teilnehmer pro Pferd gegeneinander an, wobei der Beste in die n\u00e4chste Runde aufsteigt. Den Anfang macht ein <strong data-start=\"210\" data-end=\"224\">A-Springen<\/strong>, das nach den Kriterien <strong data-start=\"249\" data-end=\"257\">Stil<\/strong> und <strong data-start=\"262\" data-end=\"272\">Fehler<\/strong> bewertet wird. Es folgen ein <strong data-start=\"302\" data-end=\"307\">A**<\/strong>&#8211;<strong data-start=\"308\" data-end=\"320\">Springen<\/strong> und ein <strong data-start=\"329\" data-end=\"343\">L-Springen<\/strong> (ebenfalls mit <strong data-start=\"359\" data-end=\"367\">Stil<\/strong> und <strong data-start=\"372\" data-end=\"382\">Fehler<\/strong>), und im <strong data-start=\"392\" data-end=\"402\">Finale<\/strong> wird ein <strong data-start=\"412\" data-end=\"426\">M-Springen<\/strong> geritten.<\/p>\n<p class=\"\" data-start=\"438\" data-end=\"525\">Im Anschluss daran folgt das <strong data-start=\"467\" data-end=\"487\">M-Dressur-Finale<\/strong> und schlie\u00dflich die <strong data-start=\"508\" data-end=\"524\">Siegerehrung<\/strong>.<\/p>\n<h3 data-start=\"438\" data-end=\"525\">Siegerehrung<\/h3>\n<p>Bei der Siegerehrung geht niemand leer aus. Neben den Einzelplatzierungen in der <strong data-start=\"81\" data-end=\"92\">Dressur<\/strong> und im <strong data-start=\"100\" data-end=\"112\">Springen<\/strong> werden auch alle Teams gewertet und erhalten ihre Platzierungen. Zus\u00e4tzlich werden <strong data-start=\"196\" data-end=\"212\">Sonderpreise<\/strong> vergeben. Der <strong data-start=\"227\" data-end=\"251\">S-Cup (Survival-Cup)<\/strong> wird an das Team verliehen, das es am besten geschafft hat, \u00fcber das gesamte Wochenende hinweg mit der besten Stimmung durchzuhalten.<\/p>\n<p><a href=\"http:\/\/www.arc-leipzig.de\/wp-content\/uploads\/2025\/04\/Foto-13.04.25-20-56-20-2-scaled-e1744703082227.jpg\"><img decoding=\"async\" loading=\"lazy\" class=\"alignnone  wp-image-1497\" src=\"http:\/\/www.arc-leipzig.de\/wp-content\/uploads\/2025\/04\/Foto-13.04.25-20-56-20-2-scaled-e1744703082227-300x181.jpg\" alt=\"\" width=\"260\" height=\"157\" srcset=\"http:\/\/www.arc-leipzig.de\/wp-content\/uploads\/2025\/04\/Foto-13.04.25-20-56-20-2-scaled-e1744703082227-300x181.jpg 300w, http:\/\/www.arc-leipzig.de\/wp-content\/uploads\/2025\/04\/Foto-13.04.25-20-56-20-2-scaled-e1744703082227-1024x617.jpg 1024w, http:\/\/www.arc-leipzig.de\/wp-content\/uploads\/2025\/04\/Foto-13.04.25-20-56-20-2-scaled-e1744703082227-768x463.jpg 768w, http:\/\/www.arc-leipzig.de\/wp-content\/uploads\/2025\/04\/Foto-13.04.25-20-56-20-2-scaled-e1744703082227-1536x926.jpg 1536w, http:\/\/www.arc-leipzig.de\/wp-content\/uploads\/2025\/04\/Foto-13.04.25-20-56-20-2-scaled-e1744703082227-624x376.jpg 624w, http:\/\/www.arc-leipzig.de\/wp-content\/uploads\/2025\/04\/Foto-13.04.25-20-56-20-2-scaled-e1744703082227.jpg 1996w\" sizes=\"(max-width: 260px) 100vw, 260px\" \/> <\/a><a href=\"http:\/\/www.arc-leipzig.de\/wp-content\/uploads\/2025\/04\/DSC_7998-scaled-e1744703459813.jpeg\"><img decoding=\"async\" loading=\"lazy\" class=\"alignnone  wp-image-1500\" src=\"http:\/\/www.arc-leipzig.de\/wp-content\/uploads\/2025\/04\/DSC_7998-scaled-e1744703459813-300x133.jpeg\" alt=\"\" width=\"358\" height=\"159\" srcset=\"http:\/\/www.arc-leipzig.de\/wp-content\/uploads\/2025\/04\/DSC_7998-scaled-e1744703459813-300x133.jpeg 300w, http:\/\/www.arc-leipzig.de\/wp-content\/uploads\/2025\/04\/DSC_7998-scaled-e1744703459813-1024x453.jpeg 1024w, http:\/\/www.arc-leipzig.de\/wp-content\/uploads\/2025\/04\/DSC_7998-scaled-e1744703459813-768x340.jpeg 768w, http:\/\/www.arc-leipzig.de\/wp-content\/uploads\/2025\/04\/DSC_7998-scaled-e1744703459813-1536x679.jpeg 1536w, http:\/\/www.arc-leipzig.de\/wp-content\/uploads\/2025\/04\/DSC_7998-scaled-e1744703459813-2048x906.jpeg 2048w, http:\/\/www.arc-leipzig.de\/wp-content\/uploads\/2025\/04\/DSC_7998-scaled-e1744703459813-624x276.jpeg 624w\" sizes=\"(max-width: 358px) 100vw, 358px\" \/><\/a><\/p>\n<h2>Turniertermine<\/h2>\n<p>Den aktuellen <strong>Turnierplan<\/strong> findet ihr auf der\u00a0<a href=\"http:\/\/dar-online.de\/turniertermine\/\">Seite des Deutschen Akademischen Reiterverbands e.V. (DAR)<\/a>.<\/p>\n\n\n<p><\/p>\n","protected":false},"excerpt":{"rendered":"<p>Stammtisch der Studentenreiter Leipzig Jeden Dienstag ab 20 Uhr treffen wir uns zum w\u00f6chentlichen Stammtisch! Ihr k\u00f6nnt euch gerne \u00fcber unser Instagram bei unseren Obleuten melden. In den Semesterferien, wenn viele Studentenreiter*innen nicht vor Ort sind, finden die Stammtische nur gelegentlich statt. Aber wir freuen uns immer riesig, neue Gesichter in unserer gem\u00fctlichen Runde willkommen [&hellip;]<\/p>\n","protected":false},"author":1,"featured_media":0,"parent":23,"menu_order":0,"comment_status":"closed","ping_status":"open","template":"","meta":[],"_links":{"self":[{"href":"http:\/\/www.arc-leipzig.de\/index.php?rest_route=\/wp\/v2\/pages\/121"}],"collection":[{"href":"http:\/\/www.arc-leipzig.de\/index.php?rest_route=\/wp\/v2\/pages"}],"about":[{"href":"http:\/\/www.arc-leipzig.de\/index.php?rest_route=\/wp\/v2\/types\/page"}],"author":[{"embeddable":true,"href":"http:\/\/www.arc-leipzig.de\/index.php?rest_route=\/wp\/v2\/users\/1"}],"replies":[{"embeddable":true,"href":"http:\/\/www.arc-leipzig.de\/index.php?rest_route=%2Fwp%2Fv2%2Fcomments&post=121"}],"version-history":[{"count":41,"href":"http:\/\/www.arc-leipzig.de\/index.php?rest_route=\/wp\/v2\/pages\/121\/revisions"}],"predecessor-version":[{"id":1509,"href":"http:\/\/www.arc-leipzig.de\/index.php?rest_route=\/wp\/v2\/pages\/121\/revisions\/1509"}],"up":[{"embeddable":true,"href":"http:\/\/www.arc-leipzig.de\/index.php?rest_route=\/wp\/v2\/pages\/23"}],"wp:attachment":[{"href":"http:\/\/www.arc-leipzig.de\/index.php?rest_route=%2Fwp%2Fv2%2Fmedia&parent=121"}],"curies":[{"name":"wp","href":"https:\/\/api.w.org\/{rel}","templated":true}]}}