{"id":1233,"date":"2019-06-26T21:55:10","date_gmt":"2019-06-26T19:55:10","guid":{"rendered":"http:\/\/www.arc-leipzig.de\/?page_id=1233"},"modified":"2019-06-26T21:55:10","modified_gmt":"2019-06-26T19:55:10","slug":"chu-wuerzburg-1-3-maerz-2019","status":"publish","type":"page","link":"http:\/\/www.arc-leipzig.de\/?page_id=1233","title":{"rendered":"CHU W\u00fcrzburg 1.-3. M\u00e4rz 2019"},"content":{"rendered":"\n<p>Anfang M\u00e4rz stand das Turnier der Studentenreiter aus W\u00fcrzburg an. Diesmal nahmen Anne Kuba, Charlotte Sch\u00f6ber und Johanna Gei\u00dfler die weite Reise auf sich, um die Leipziger zu repr\u00e4sentieren.  <br>Samstags genug konnten sie die Mannschaftsdressur mit einer traumsch\u00f6nen 7,0 beenden. Anne und Johanna war trotz der ganzen \u201eKringel\u201f nicht schlecht und durften beide ein zweites Mal auf die Pferde. Im Springen schafften es ebenfalls Anne und Johanna, die bemerkenswerter Weise als einzige mit dem Pferd das Ziel erreichte, eine Runde weiter. <br>Am Ende hatten wir eine beachtliche Salatblattsammlung zusammen und schafften es mit der Mannschaft auf einen traumhaften 7. Platz bei einem 15er CHU. Doch unsere Reiter konnten auch Einzelplatzierungen einfahren, sodass Anne in Dressur Platz 5, Springen Platz 14 und in der Kombinierten Wertung Platz 11 einnahm und Johanna in Dressur den 14., Springen den 15. und in der Kombinierten den 13. Platz erreichte.<\/p>\n\n\n\n<p><\/p>\n\n\n\n<p><\/p>\n","protected":false},"excerpt":{"rendered":"<p>Anfang M\u00e4rz stand das Turnier der Studentenreiter aus W\u00fcrzburg an. Diesmal nahmen Anne Kuba, Charlotte Sch\u00f6ber und Johanna Gei\u00dfler die weite Reise auf sich, um die Leipziger zu repr\u00e4sentieren. Samstags genug konnten sie die Mannschaftsdressur mit einer traumsch\u00f6nen 7,0 beenden. Anne und Johanna war trotz der ganzen \u201eKringel\u201f nicht schlecht und durften beide ein zweites [&hellip;]<\/p>\n","protected":false},"author":8,"featured_media":0,"parent":0,"menu_order":0,"comment_status":"closed","ping_status":"closed","template":"","meta":[],"_links":{"self":[{"href":"http:\/\/www.arc-leipzig.de\/index.php?rest_route=\/wp\/v2\/pages\/1233"}],"collection":[{"href":"http:\/\/www.arc-leipzig.de\/index.php?rest_route=\/wp\/v2\/pages"}],"about":[{"href":"http:\/\/www.arc-leipzig.de\/index.php?rest_route=\/wp\/v2\/types\/page"}],"author":[{"embeddable":true,"href":"http:\/\/www.arc-leipzig.de\/index.php?rest_route=\/wp\/v2\/users\/8"}],"replies":[{"embeddable":true,"href":"http:\/\/www.arc-leipzig.de\/index.php?rest_route=%2Fwp%2Fv2%2Fcomments&post=1233"}],"version-history":[{"count":1,"href":"http:\/\/www.arc-leipzig.de\/index.php?rest_route=\/wp\/v2\/pages\/1233\/revisions"}],"predecessor-version":[{"id":1234,"href":"http:\/\/www.arc-leipzig.de\/index.php?rest_route=\/wp\/v2\/pages\/1233\/revisions\/1234"}],"wp:attachment":[{"href":"http:\/\/www.arc-leipzig.de\/index.php?rest_route=%2Fwp%2Fv2%2Fmedia&parent=1233"}],"curies":[{"name":"wp","href":"https:\/\/api.w.org\/{rel}","templated":true}]}}