{"id":284,"date":"2013-03-18T19:09:28","date_gmt":"2013-03-18T17:09:28","guid":{"rendered":"http:\/\/www.arc-leipzig.de\/?page_id=284"},"modified":"2013-03-18T19:17:36","modified_gmt":"2013-03-18T17:17:36","slug":"chu-berlin-2012","status":"publish","type":"page","link":"http:\/\/www.arc-leipzig.de\/?page_id=284","title":{"rendered":"CHU Berlin 2012"},"content":{"rendered":"<p>Wegen krankheitsbedingtem Ausfall des Reitgruppenpapas Hendrik fuhren wir als wilder Weiberhaufen bestehend aus K\u00fcken Lena, Dressurtante Wanda, guter Fee Lisa und den verr\u00fcckten Schlabus Theresa und Laura nach Berlin. Schon Freitagabend das erste Orientierungschaos, der Weg zur Party dauerte in einer unkoordinierten Gruppe mit Unterst\u00fctzung aus Dresden und Osnabr\u00fcck an die zwei Stunden. Zwischenzeitlich stellten wir immerhin fest: \u201eOOOH \u2013 Wir sind im Kreis gelaufen.\u201c und konnten einen einsamen Autofahrer und seinen Hund \u00fcberzeugen uns aus der EXTREMEN NOTSITUATION zu retten. Endlich angekommen war die Party f\u00fcr uns Partydetektive vom W(H)LLLT-Club umso besser.<\/p>\n<p>Samstag gerade aus dem Bett gefallen zeigten die Leipziger Reiter ungeahnte H\u00f6chstleistungen. Wanda hielt uns durch ihr K\u00f6nnen bis zum bitteren Ende in der kalten Reithalle um gegen Frederik aus Osnabr\u00fcck ein spannendes Dressurfinale zu Reiten. Nach vorabendlichem Powernapping fanden wir dann tats\u00e4chlich den Weg zur 2. Party auf anhieb und zeigten uns auch hier u.a. mit akrobatischen Einlagen von unserer besten Seite.<\/p>\n<p>Beim Springen am Sonntag war die Mannschaft leider etwas vom Pech verfolgt. Rodeoreiterin Lisa k\u00e4mpfte sich als 2. Reiterin auf einem Pferd, dass schon zuvor den Parcours nicht beendete und mit der 3. Reiterin nichtmal mehr galoppieren wollte, bis Sprung f\u00fcnf. Lena und Wanda hatten beide gute Runden, kamen allerdings auch nicht weiter.<\/p>\n<p>Die Wochenendbilanz brachte so Platz 9 f\u00fcr die Mannschaft, f\u00fcr Wanda einen tollen 2. Platz in der Dressur und einen 9. Platz in der Kombi.<\/p>\n<p><a href=\"http:\/\/www.arc-leipzig.de\/wp-content\/uploads\/2013\/03\/CHU-Berlin-2012-1.jpg\"><img decoding=\"async\" loading=\"lazy\" class=\"alignnone size-medium wp-image-285\" title=\"CHU Berlin 2012 1\" src=\"http:\/\/www.arc-leipzig.de\/wp-content\/uploads\/2013\/03\/CHU-Berlin-2012-1-300x198.jpg\" alt=\"\" width=\"300\" height=\"198\" srcset=\"http:\/\/www.arc-leipzig.de\/wp-content\/uploads\/2013\/03\/CHU-Berlin-2012-1-300x198.jpg 300w, http:\/\/www.arc-leipzig.de\/wp-content\/uploads\/2013\/03\/CHU-Berlin-2012-1-624x411.jpg 624w, http:\/\/www.arc-leipzig.de\/wp-content\/uploads\/2013\/03\/CHU-Berlin-2012-1.jpg 700w\" sizes=\"(max-width: 300px) 100vw, 300px\" \/><\/a> <a href=\"http:\/\/www.arc-leipzig.de\/wp-content\/uploads\/2013\/03\/CHU-Berlin-2012-2.jpg\"><img decoding=\"async\" loading=\"lazy\" class=\"alignnone size-medium wp-image-286\" title=\"CHU Berlin 2012 2\" src=\"http:\/\/www.arc-leipzig.de\/wp-content\/uploads\/2013\/03\/CHU-Berlin-2012-2-300x198.jpg\" alt=\"\" width=\"300\" height=\"198\" srcset=\"http:\/\/www.arc-leipzig.de\/wp-content\/uploads\/2013\/03\/CHU-Berlin-2012-2-300x198.jpg 300w, http:\/\/www.arc-leipzig.de\/wp-content\/uploads\/2013\/03\/CHU-Berlin-2012-2-624x411.jpg 624w, http:\/\/www.arc-leipzig.de\/wp-content\/uploads\/2013\/03\/CHU-Berlin-2012-2.jpg 700w\" sizes=\"(max-width: 300px) 100vw, 300px\" \/><\/a><\/p>\n","protected":false},"excerpt":{"rendered":"<p>Wegen krankheitsbedingtem Ausfall des Reitgruppenpapas Hendrik fuhren wir als wilder Weiberhaufen bestehend aus K\u00fcken Lena, Dressurtante Wanda, guter Fee Lisa und den verr\u00fcckten Schlabus Theresa und Laura nach Berlin. Schon Freitagabend das erste Orientierungschaos, der Weg zur Party dauerte in einer unkoordinierten Gruppe mit Unterst\u00fctzung aus Dresden und Osnabr\u00fcck an die zwei Stunden. Zwischenzeitlich stellten [&hellip;]<\/p>\n","protected":false},"author":3,"featured_media":0,"parent":23,"menu_order":0,"comment_status":"closed","ping_status":"open","template":"","meta":[],"_links":{"self":[{"href":"http:\/\/www.arc-leipzig.de\/index.php?rest_route=\/wp\/v2\/pages\/284"}],"collection":[{"href":"http:\/\/www.arc-leipzig.de\/index.php?rest_route=\/wp\/v2\/pages"}],"about":[{"href":"http:\/\/www.arc-leipzig.de\/index.php?rest_route=\/wp\/v2\/types\/page"}],"author":[{"embeddable":true,"href":"http:\/\/www.arc-leipzig.de\/index.php?rest_route=\/wp\/v2\/users\/3"}],"replies":[{"embeddable":true,"href":"http:\/\/www.arc-leipzig.de\/index.php?rest_route=%2Fwp%2Fv2%2Fcomments&post=284"}],"version-history":[{"count":3,"href":"http:\/\/www.arc-leipzig.de\/index.php?rest_route=\/wp\/v2\/pages\/284\/revisions"}],"predecessor-version":[{"id":290,"href":"http:\/\/www.arc-leipzig.de\/index.php?rest_route=\/wp\/v2\/pages\/284\/revisions\/290"}],"up":[{"embeddable":true,"href":"http:\/\/www.arc-leipzig.de\/index.php?rest_route=\/wp\/v2\/pages\/23"}],"wp:attachment":[{"href":"http:\/\/www.arc-leipzig.de\/index.php?rest_route=%2Fwp%2Fv2%2Fmedia&parent=284"}],"curies":[{"name":"wp","href":"https:\/\/api.w.org\/{rel}","templated":true}]}}