{"id":351,"date":"2013-04-09T13:28:34","date_gmt":"2013-04-09T11:28:34","guid":{"rendered":"http:\/\/www.arc-leipzig.de\/?page_id=351"},"modified":"2013-04-09T13:28:34","modified_gmt":"2013-04-09T11:28:34","slug":"chu-dresden-2013","status":"publish","type":"page","link":"http:\/\/www.arc-leipzig.de\/?page_id=351","title":{"rendered":"CHU Dresden 2013"},"content":{"rendered":"<h2>Erfolg auf ganzer Linie!<\/h2>\n<p align=\"JUSTIFY\">Im Sturzflug traten die Leipziger Lerchen am 5. April ihre Reise nach Dresden an. Zur Wochenendbesetzung geh\u00f6rten die Improvisationsmannschaft &#8211; bestehend aus Paul alias Arnold, der kurzentschlossenen Martha und K\u00fcken Luisa \u2013 und ein ganzer Sack voll SchlaBus mit Neuerwerb Marianne, Tobias, Jule und den Ersatzmuttis Laura und Theresa. Kurze Zeit sp\u00e4ter folgte noch Partyverst\u00e4rkung durch Lisa, Torsten, Spritti, Lauren, Domi und Charlott. Als riesiger blau-gelb-gefederter Haufen zogen wir los, um den Eintreffabend aufzumischen. Immer vor Augen unser Ziel: Survival Cup f\u00fcr Leipzig!!<\/p>\n<p align=\"JUSTIFY\"><a href=\"http:\/\/www.arc-leipzig.de\/wp-content\/uploads\/2013\/04\/CHU-Dresden-2013-7.jpg\"><img decoding=\"async\" loading=\"lazy\" class=\"alignnone size-full wp-image-352\" title=\"CHU Dresden 2013 7\" src=\"http:\/\/www.arc-leipzig.de\/wp-content\/uploads\/2013\/04\/CHU-Dresden-2013-7.jpg\" alt=\"\" width=\"1500\" height=\"1000\" srcset=\"http:\/\/www.arc-leipzig.de\/wp-content\/uploads\/2013\/04\/CHU-Dresden-2013-7.jpg 1500w, http:\/\/www.arc-leipzig.de\/wp-content\/uploads\/2013\/04\/CHU-Dresden-2013-7-300x200.jpg 300w, http:\/\/www.arc-leipzig.de\/wp-content\/uploads\/2013\/04\/CHU-Dresden-2013-7-1024x682.jpg 1024w, http:\/\/www.arc-leipzig.de\/wp-content\/uploads\/2013\/04\/CHU-Dresden-2013-7-624x416.jpg 624w\" sizes=\"(max-width: 1500px) 100vw, 1500px\" \/><\/a><\/p>\n<p align=\"JUSTIFY\">Trotz einer langen Nacht kullerten Samstagmorgen alle mehr oder minder freiwillig und gut gelaunt von der LuMa in die Reithalle. Schnell stellte sich heraus, dass sich das Aufstehen gelohnt hatte. Unsere Springreitermannschaft machte ein hervorragendes Bild in der Dressur und kassierte daf\u00fcr eine satte 8,0 als Mannschaftsnote. Martha und Paul schieden leider dennoch mit kleinen Differenzen in der A-Runde aus. Daf\u00fcr mutierte unser Superk\u00fcken Luisa zur Dressurtukke, marschierte von Runde zu Runde und buchte schlussendlich ein Ticket f\u00fcrs Dressurfinale! Geschafft von so viel gro\u00dfem Sport in der kalten Reithalle nahm der ein oder andere einen kleinen Schlaftrunk am Quartertisch mit um dann bei einem kleinen Nickerchen Kraft f\u00fcr die Samstagsparty zu sammeln&#8230; Nachdem sich alle wieder \u00f6ffentlichkeitstauglich hergerichtet hatten und die gemeinschaftliche Haarflechtrunde beendet war, erreicht uns kurz vor dem Aufbruch \u00fcberraschende und umso erfreulichere Unterst\u00fctzung durch Wanda, Hendrik, Lisa, Mireen und Stephan! Singend pilgerten wir zur Party um uns erneut in den Kampf um den Survival Cup zu st\u00fcrzen. Jeder knotete, gr\u00f6hlte und tanzte solang ihn seine Beine trugen. Letztendlich schlugen die verbliebenen Leipziger Theresa, Marianne und Laura die Restkonkurrenz in die Flucht und konnten sich ebenfalls guten Gewissens auf den Weg zur Turnhalle begeben.<\/p>\n<p align=\"JUSTIFY\"><a href=\"http:\/\/www.arc-leipzig.de\/wp-content\/uploads\/2013\/04\/CHU-Dresden-2013-2.jpg\"><img decoding=\"async\" loading=\"lazy\" class=\"alignnone size-full wp-image-353\" title=\"CHU Dresden 2013 2\" src=\"http:\/\/www.arc-leipzig.de\/wp-content\/uploads\/2013\/04\/CHU-Dresden-2013-2.jpg\" alt=\"\" width=\"1500\" height=\"1000\" srcset=\"http:\/\/www.arc-leipzig.de\/wp-content\/uploads\/2013\/04\/CHU-Dresden-2013-2.jpg 1500w, http:\/\/www.arc-leipzig.de\/wp-content\/uploads\/2013\/04\/CHU-Dresden-2013-2-300x200.jpg 300w, http:\/\/www.arc-leipzig.de\/wp-content\/uploads\/2013\/04\/CHU-Dresden-2013-2-1024x682.jpg 1024w, http:\/\/www.arc-leipzig.de\/wp-content\/uploads\/2013\/04\/CHU-Dresden-2013-2-624x416.jpg 624w\" sizes=\"(max-width: 1500px) 100vw, 1500px\" \/><\/a><\/p>\n<p align=\"JUSTIFY\">Das Aufstehen am n\u00e4chsten Morgen verlangte einige \u00dcberwindung, aber der Entzug der LuMa versetzte letztlich alle in Bewegung. Auch im Springen gaben unsere Reiter wieder ihr Bestes. Leider war hier f\u00fcr Martha und Luisa trotz guter Leistung nach der A-Runde schluss. Paul durfte sich hingegen noch im L-Springen versuchen, musste sich dann jedoch durch drei Hindernisfehler ebenfalls geschlagen geben. Die Spannung flachte allerdings nicht ab, denn schlie\u00dflich hatte Luisa noch Gro\u00dfes im Dressurfinale vor. Unter fachm\u00e4nnischer Kommentierung ritten bzw. verritten die beiden Finalteilnehmerinnen die M-Dressur auf dem Moritzburger Hengst Wolfpower. Einige Kommunikationsprobleme zwischen der Reiterin aus Hamburg und der Leserin f\u00fchrten zum Verfehlen des G-Punkts und boten unserer wegkundigen Luisa die M\u00f6glichkeit ordentlich zu punkten. Nach einer kurzen Zwischenparty im Hallensand folgte dann die spannende Siegerehrung. Schleifenpony Luisa sahnte den 5. Platz in der Kombi und einen ph\u00e4nomenalen Dressursieg ab! Paul hatte Platz 9. im Springen ergattert und die Mannschaft heimste dazu noch einen atemberaubenden, langersehnten 1. Platz ab!! Als Belohnung f\u00fcr alle geopferten Stimmen, den vers\u00e4umten Schlaf und jede Menge Tanzmuskelkater durften wir obendrauf den Survival Cup mit nach Hause nehmen!! Zu diesem absoluten Erfolgswochenende l\u00e4sst sich nur noch eins hinzuf\u00fcgen: OOOOOOOH LEIPZIG \u2013 OOOOOOOH WIE IST DAS SCH\u00d6N!!<\/p>\n<p align=\"JUSTIFY\"><a href=\"http:\/\/www.arc-leipzig.de\/wp-content\/uploads\/2013\/04\/CHU-Dresden-2013-8.jpg\"><img decoding=\"async\" loading=\"lazy\" class=\"alignnone size-full wp-image-354\" title=\"CHU Dresden 2013 8\" src=\"http:\/\/www.arc-leipzig.de\/wp-content\/uploads\/2013\/04\/CHU-Dresden-2013-8.jpg\" alt=\"\" width=\"722\" height=\"482\" srcset=\"http:\/\/www.arc-leipzig.de\/wp-content\/uploads\/2013\/04\/CHU-Dresden-2013-8.jpg 722w, http:\/\/www.arc-leipzig.de\/wp-content\/uploads\/2013\/04\/CHU-Dresden-2013-8-300x200.jpg 300w, http:\/\/www.arc-leipzig.de\/wp-content\/uploads\/2013\/04\/CHU-Dresden-2013-8-624x416.jpg 624w\" sizes=\"(max-width: 722px) 100vw, 722px\" \/><\/a><\/p>\n","protected":false},"excerpt":{"rendered":"<p>Erfolg auf ganzer Linie! Im Sturzflug traten die Leipziger Lerchen am 5. April ihre Reise nach Dresden an. Zur Wochenendbesetzung geh\u00f6rten die Improvisationsmannschaft &#8211; bestehend aus Paul alias Arnold, der kurzentschlossenen Martha und K\u00fcken Luisa \u2013 und ein ganzer Sack voll SchlaBus mit Neuerwerb Marianne, Tobias, Jule und den Ersatzmuttis Laura und Theresa. Kurze Zeit [&hellip;]<\/p>\n","protected":false},"author":3,"featured_media":0,"parent":23,"menu_order":0,"comment_status":"closed","ping_status":"open","template":"","meta":[],"_links":{"self":[{"href":"http:\/\/www.arc-leipzig.de\/index.php?rest_route=\/wp\/v2\/pages\/351"}],"collection":[{"href":"http:\/\/www.arc-leipzig.de\/index.php?rest_route=\/wp\/v2\/pages"}],"about":[{"href":"http:\/\/www.arc-leipzig.de\/index.php?rest_route=\/wp\/v2\/types\/page"}],"author":[{"embeddable":true,"href":"http:\/\/www.arc-leipzig.de\/index.php?rest_route=\/wp\/v2\/users\/3"}],"replies":[{"embeddable":true,"href":"http:\/\/www.arc-leipzig.de\/index.php?rest_route=%2Fwp%2Fv2%2Fcomments&post=351"}],"version-history":[{"count":1,"href":"http:\/\/www.arc-leipzig.de\/index.php?rest_route=\/wp\/v2\/pages\/351\/revisions"}],"predecessor-version":[{"id":355,"href":"http:\/\/www.arc-leipzig.de\/index.php?rest_route=\/wp\/v2\/pages\/351\/revisions\/355"}],"up":[{"embeddable":true,"href":"http:\/\/www.arc-leipzig.de\/index.php?rest_route=\/wp\/v2\/pages\/23"}],"wp:attachment":[{"href":"http:\/\/www.arc-leipzig.de\/index.php?rest_route=%2Fwp%2Fv2%2Fmedia&parent=351"}],"curies":[{"name":"wp","href":"https:\/\/api.w.org\/{rel}","templated":true}]}}