{"id":390,"date":"2013-04-22T10:36:59","date_gmt":"2013-04-22T08:36:59","guid":{"rendered":"http:\/\/www.arc-leipzig.de\/?page_id=390"},"modified":"2013-04-22T10:36:59","modified_gmt":"2013-04-22T08:36:59","slug":"chiu-halle-2013","status":"publish","type":"page","link":"http:\/\/www.arc-leipzig.de\/?page_id=390","title":{"rendered":"CHIU Halle 2013"},"content":{"rendered":"<h2>Wisst ihr wo ich wohne \u2026<\/h2>\n<p style=\"text-align: justify;\">Es ist wieder soweit, die Studentenreiter Leipzig machen sich auf nach Halle. Wie letztes Jahr werden an diesem Wochenende nicht nur die Reiter sportliche H\u00f6chstleistungen zeigen, sondern auch die SchlaBus, die Besttrainiertesten aus ihren Reihen in den 4er Schlabu \u2013 Cub schicken \u2013 und all das diesmal INTERNATIONAL!<\/p>\n<p style=\"text-align: justify;\"><a href=\"http:\/\/www.arc-leipzig.de\/wp-content\/uploads\/2013\/04\/CHIU-Halle-2013-1.jpg\"><img decoding=\"async\" loading=\"lazy\" class=\"alignnone size-full wp-image-397\" title=\"CHIU Halle 2013 1\" src=\"http:\/\/www.arc-leipzig.de\/wp-content\/uploads\/2013\/04\/CHIU-Halle-2013-1.jpg\" alt=\"\" width=\"800\" height=\"600\" srcset=\"http:\/\/www.arc-leipzig.de\/wp-content\/uploads\/2013\/04\/CHIU-Halle-2013-1.jpg 800w, http:\/\/www.arc-leipzig.de\/wp-content\/uploads\/2013\/04\/CHIU-Halle-2013-1-300x225.jpg 300w, http:\/\/www.arc-leipzig.de\/wp-content\/uploads\/2013\/04\/CHIU-Halle-2013-1-624x468.jpg 624w\" sizes=\"(max-width: 800px) 100vw, 800px\" \/><\/a><\/p>\n<p style=\"text-align: justify;\">Hauptfrau Wanda hat also nicht nur ihre kleine Hauptfrau Lisa und K\u00fcken Marianne in Gep\u00e4ck sondern ein 8 Mann und Frau starkes SchlaBu-Team, das ordentlich Stimmung macht um damit hoffentlich die Survivalcubsiegeslinie von M\u00fcnchen und Dresden fortsetzt. Freitagabend 21 Uhr ist Deadline \u2013 die Autos werden wieder bis an die Belastungsgrenzen gepackt, die Stimmen f\u00fcr das Wochenende vorbereitet und dann macht sich die Kolonne auf in die Zone. Angekommen wird das Leipziger Turnhallenlager inklusive Banner unter kr\u00e4ftigen Schlachtrufen errichtet \u2013 jeder soll ja wissen, dass wir endlich da sind. Noch eine kurze Deodusche, dann geht\u2019s unter dem Motto: \u201eWer? Wie? Was? \u2013 Wieso? Weshalb? Warum?\u201c auf in die erste Etappe des Wochenendes.<\/p>\n<p style=\"text-align: justify;\"><a href=\"http:\/\/www.arc-leipzig.de\/wp-content\/uploads\/2013\/04\/CHIU-Halle-2013-2.jpg\"><img decoding=\"async\" loading=\"lazy\" class=\"alignnone size-full wp-image-391\" title=\"CHIU Halle 2013 2\" src=\"http:\/\/www.arc-leipzig.de\/wp-content\/uploads\/2013\/04\/CHIU-Halle-2013-2.jpg\" alt=\"\" width=\"1000\" height=\"667\" srcset=\"http:\/\/www.arc-leipzig.de\/wp-content\/uploads\/2013\/04\/CHIU-Halle-2013-2.jpg 1000w, http:\/\/www.arc-leipzig.de\/wp-content\/uploads\/2013\/04\/CHIU-Halle-2013-2-300x200.jpg 300w, http:\/\/www.arc-leipzig.de\/wp-content\/uploads\/2013\/04\/CHIU-Halle-2013-2-624x416.jpg 624w\" sizes=\"(max-width: 1000px) 100vw, 1000px\" \/><\/a><\/p>\n<p style=\"text-align: justify;\">Nach einer nicht existenten Nacht herrscht schon reges Treiben im Lager der Leipziger Reitgruppe, die sich nach einem gemeinschaftlichen Fr\u00fchst\u00fcck auf dem Weg zum Turnierplatz macht. In der A-Runde kommen dann auch gleich Wanda und Marianne weiter. Nach dem Mittagessen werden die Daumen weiter am Viereck f\u00fcr Wanda gedr\u00fcckt, die sich trotz einer traumsch\u00f6nen Runde im Halbfinale nicht gegen den sp\u00e4teren Gewinner der Dressur durchsetzen kann. Ohne Erholungspause geht es f\u00fcr das Schlabu-Team, bestehend aus 2x Laura, Tobi und Theresa, direkt weiter. Im Schlabu-Cup zeigen besonders Tobi, der den Schnell \u2013 Trink &#8211; Part f\u00fcr die an einer Bierallergie leidende Laura \u00fcbernimmt, welche daf\u00fcr aber gleich f\u00fcr 3 Teammitglieder die \u00c4pfel aus der Wassertonne fischt, ihren Einsatz f\u00fcr den Club. Mit einer sehr guten Zeit beenden sie den Pacours und werden am Ende Vierte.<\/p>\n<p style=\"text-align: justify;\"><a href=\"http:\/\/www.arc-leipzig.de\/wp-content\/uploads\/2013\/04\/CHIU-Halle-2013-6.jpg\"><img decoding=\"async\" loading=\"lazy\" class=\"alignnone size-thumbnail wp-image-392\" title=\"CHIU Halle 2013 6\" src=\"http:\/\/www.arc-leipzig.de\/wp-content\/uploads\/2013\/04\/CHIU-Halle-2013-6-150x150.jpg\" alt=\"\" width=\"150\" height=\"150\" \/><\/a>\u00a0<a href=\"http:\/\/www.arc-leipzig.de\/wp-content\/uploads\/2013\/04\/CHIU-Halle-2013-7.jpg\"><img decoding=\"async\" loading=\"lazy\" class=\"alignnone size-thumbnail wp-image-395\" title=\"CHIU Halle 2013 7\" src=\"http:\/\/www.arc-leipzig.de\/wp-content\/uploads\/2013\/04\/CHIU-Halle-2013-7-150x150.jpg\" alt=\"\" width=\"150\" height=\"150\" \/><\/a> <a href=\"http:\/\/www.arc-leipzig.de\/wp-content\/uploads\/2013\/04\/CHIU-Halle-2013-8.jpg\"><img decoding=\"async\" loading=\"lazy\" class=\"alignnone size-thumbnail wp-image-393\" title=\"CHIU Halle 2013 8\" src=\"http:\/\/www.arc-leipzig.de\/wp-content\/uploads\/2013\/04\/CHIU-Halle-2013-8-150x150.jpg\" alt=\"\" width=\"150\" height=\"150\" \/><\/a> <a href=\"http:\/\/www.arc-leipzig.de\/wp-content\/uploads\/2013\/04\/CHIU-Halle-2013-10.jpg\"><img decoding=\"async\" loading=\"lazy\" class=\"alignnone size-thumbnail wp-image-394\" title=\"CHIU Halle 2013 10\" src=\"http:\/\/www.arc-leipzig.de\/wp-content\/uploads\/2013\/04\/CHIU-Halle-2013-10-150x150.jpg\" alt=\"\" width=\"150\" height=\"150\" \/><\/a><\/p>\n<p style=\"text-align: justify;\">Frisch geduscht beschlie\u00dft ein Teil der Gruppe spontan den Rekonvaleszenzschlaf ausfallen zu lassen und sich direkt an den Quartertisch in der Turnhalle zu setzen, w\u00e4hrend der andere die Belastungsgrenze von Hendriks LuMa austestet, um aus n\u00e4chster N\u00e4he dem Spa\u00df beizuwohnen. Bestens gest\u00e4rkt geht es dann zur Samstagsparty, auf der wir \u00fcberrascht Zuwachs durch Stine und Martin erfahren.<\/p>\n<p style=\"text-align: justify;\"><a href=\"http:\/\/www.arc-leipzig.de\/wp-content\/uploads\/2013\/04\/CHIU-Halle-2013-14.jpg\"><img decoding=\"async\" loading=\"lazy\" class=\"alignnone size-large wp-image-398\" title=\"CHIU Halle 2013 14\" src=\"http:\/\/www.arc-leipzig.de\/wp-content\/uploads\/2013\/04\/CHIU-Halle-2013-14-1024x682.jpg\" alt=\"\" width=\"625\" height=\"416\" srcset=\"http:\/\/www.arc-leipzig.de\/wp-content\/uploads\/2013\/04\/CHIU-Halle-2013-14-1024x682.jpg 1024w, http:\/\/www.arc-leipzig.de\/wp-content\/uploads\/2013\/04\/CHIU-Halle-2013-14-300x200.jpg 300w, http:\/\/www.arc-leipzig.de\/wp-content\/uploads\/2013\/04\/CHIU-Halle-2013-14-624x416.jpg 624w\" sizes=\"(max-width: 625px) 100vw, 625px\" \/><\/a><\/p>\n<p style=\"text-align: justify;\">Am Sonntag versammelt sich die ganze Truppe p\u00fcnktlich vor dem Springplatz. Leider scheiden alle Leipziger Reiter in der ersten Runde aus, was die Stimmung aber nicht dr\u00fccken kann. Lautstark und voller Eifer wird das Team aus Magdeburg und Dresden\/Jena unterst\u00fctzt.<\/p>\n<p style=\"text-align: justify;\"><a href=\"http:\/\/www.arc-leipzig.de\/wp-content\/uploads\/2013\/04\/CHIU-Halle-2013-12.jpg\"><img decoding=\"async\" loading=\"lazy\" class=\"alignnone size-medium wp-image-396\" title=\"CHIU Halle 2013 12\" src=\"http:\/\/www.arc-leipzig.de\/wp-content\/uploads\/2013\/04\/CHIU-Halle-2013-12-300x200.jpg\" alt=\"\" width=\"300\" height=\"200\" srcset=\"http:\/\/www.arc-leipzig.de\/wp-content\/uploads\/2013\/04\/CHIU-Halle-2013-12-300x200.jpg 300w, http:\/\/www.arc-leipzig.de\/wp-content\/uploads\/2013\/04\/CHIU-Halle-2013-12-1024x682.jpg 1024w, http:\/\/www.arc-leipzig.de\/wp-content\/uploads\/2013\/04\/CHIU-Halle-2013-12-624x416.jpg 624w\" sizes=\"(max-width: 300px) 100vw, 300px\" \/><\/a> <a href=\"http:\/\/www.arc-leipzig.de\/wp-content\/uploads\/2013\/04\/CHIU-Halle-2013-15.jpg\"><img decoding=\"async\" loading=\"lazy\" class=\"alignnone size-medium wp-image-399\" title=\"CHIU Halle 2013 15\" src=\"http:\/\/www.arc-leipzig.de\/wp-content\/uploads\/2013\/04\/CHIU-Halle-2013-15-300x200.jpg\" alt=\"\" width=\"300\" height=\"200\" srcset=\"http:\/\/www.arc-leipzig.de\/wp-content\/uploads\/2013\/04\/CHIU-Halle-2013-15-300x200.jpg 300w, http:\/\/www.arc-leipzig.de\/wp-content\/uploads\/2013\/04\/CHIU-Halle-2013-15-1024x682.jpg 1024w, http:\/\/www.arc-leipzig.de\/wp-content\/uploads\/2013\/04\/CHIU-Halle-2013-15-624x416.jpg 624w, http:\/\/www.arc-leipzig.de\/wp-content\/uploads\/2013\/04\/CHIU-Halle-2013-15.jpg 1500w\" sizes=\"(max-width: 300px) 100vw, 300px\" \/><\/a><\/p>\n<p style=\"text-align: justify;\">Im Ergebnis war es wieder mal ein gelungenes Wochenende: Wanda Platz 3 in der Dressur, Marianne Platz 5 in der Dressur und 10. Platz in der Kombi und f\u00fcr die Mannschaft Platz 5.<\/p>\n<p style=\"text-align: center;\"><strong>OOOOOOOOOHHHHHHHHHH LEIPZIG !!!!!!!<\/strong><\/p>\n<p style=\"text-align: justify;\"><a href=\"http:\/\/www.arc-leipzig.de\/wp-content\/uploads\/2013\/04\/CHIU-Halle-2013-16.jpg\"><img decoding=\"async\" loading=\"lazy\" class=\"alignnone size-large wp-image-400\" title=\"CHIU Halle 2013 16\" src=\"http:\/\/www.arc-leipzig.de\/wp-content\/uploads\/2013\/04\/CHIU-Halle-2013-16-1024x682.jpg\" alt=\"\" width=\"625\" height=\"416\" srcset=\"http:\/\/www.arc-leipzig.de\/wp-content\/uploads\/2013\/04\/CHIU-Halle-2013-16-1024x682.jpg 1024w, http:\/\/www.arc-leipzig.de\/wp-content\/uploads\/2013\/04\/CHIU-Halle-2013-16-300x200.jpg 300w, http:\/\/www.arc-leipzig.de\/wp-content\/uploads\/2013\/04\/CHIU-Halle-2013-16-624x416.jpg 624w, http:\/\/www.arc-leipzig.de\/wp-content\/uploads\/2013\/04\/CHIU-Halle-2013-16.jpg 1500w\" sizes=\"(max-width: 625px) 100vw, 625px\" \/><\/a><\/p>\n","protected":false},"excerpt":{"rendered":"<p>Wisst ihr wo ich wohne \u2026 Es ist wieder soweit, die Studentenreiter Leipzig machen sich auf nach Halle. Wie letztes Jahr werden an diesem Wochenende nicht nur die Reiter sportliche H\u00f6chstleistungen zeigen, sondern auch die SchlaBus, die Besttrainiertesten aus ihren Reihen in den 4er Schlabu \u2013 Cub schicken \u2013 und all das diesmal INTERNATIONAL! Hauptfrau [&hellip;]<\/p>\n","protected":false},"author":3,"featured_media":0,"parent":23,"menu_order":0,"comment_status":"closed","ping_status":"open","template":"","meta":[],"_links":{"self":[{"href":"http:\/\/www.arc-leipzig.de\/index.php?rest_route=\/wp\/v2\/pages\/390"}],"collection":[{"href":"http:\/\/www.arc-leipzig.de\/index.php?rest_route=\/wp\/v2\/pages"}],"about":[{"href":"http:\/\/www.arc-leipzig.de\/index.php?rest_route=\/wp\/v2\/types\/page"}],"author":[{"embeddable":true,"href":"http:\/\/www.arc-leipzig.de\/index.php?rest_route=\/wp\/v2\/users\/3"}],"replies":[{"embeddable":true,"href":"http:\/\/www.arc-leipzig.de\/index.php?rest_route=%2Fwp%2Fv2%2Fcomments&post=390"}],"version-history":[{"count":1,"href":"http:\/\/www.arc-leipzig.de\/index.php?rest_route=\/wp\/v2\/pages\/390\/revisions"}],"predecessor-version":[{"id":401,"href":"http:\/\/www.arc-leipzig.de\/index.php?rest_route=\/wp\/v2\/pages\/390\/revisions\/401"}],"up":[{"embeddable":true,"href":"http:\/\/www.arc-leipzig.de\/index.php?rest_route=\/wp\/v2\/pages\/23"}],"wp:attachment":[{"href":"http:\/\/www.arc-leipzig.de\/index.php?rest_route=%2Fwp%2Fv2%2Fmedia&parent=390"}],"curies":[{"name":"wp","href":"https:\/\/api.w.org\/{rel}","templated":true}]}}