{"id":408,"date":"2013-04-24T15:04:01","date_gmt":"2013-04-24T13:04:01","guid":{"rendered":"http:\/\/www.arc-leipzig.de\/?page_id=408"},"modified":"2013-04-24T15:08:52","modified_gmt":"2013-04-24T13:08:52","slug":"chu-marburg-2012","status":"publish","type":"page","link":"http:\/\/www.arc-leipzig.de\/?page_id=408","title":{"rendered":"CHU Marburg 2012"},"content":{"rendered":"<p align=\"JUSTIFY\">Getreu dem Motto \u201eIch glaub es geht schon wieder los\u2026\u201c machten sich Hendrik, Wanda, Lisa, Theresa und K\u00fcken Marco gut gelaunt auf den Weg ins sch\u00f6ne Mittelhessen. Unser Teilmotto arbeitssuchende T\u00e4nzer wurde, frei nach Eric Prydz, liebevoll von uns umgesetzt und ausgelebt. Die Partylocation, eine zum Abriss bereitstehende Dorf Disco, verwandelte sich innerhalb k\u00fcrzester Zeit in eine gl\u00fchende Tanzfl\u00e4che und Leipzig gab wiedermal alles.<\/p>\n<p align=\"JUSTIFY\"><a href=\"http:\/\/www.arc-leipzig.de\/wp-content\/uploads\/2013\/04\/DSC_3241.jpg\"><img decoding=\"async\" loading=\"lazy\" class=\"alignnone size-large wp-image-410\" title=\"DSC_3241\" src=\"http:\/\/www.arc-leipzig.de\/wp-content\/uploads\/2013\/04\/DSC_3241-1024x576.jpg\" alt=\"\" width=\"625\" height=\"351\" srcset=\"http:\/\/www.arc-leipzig.de\/wp-content\/uploads\/2013\/04\/DSC_3241-1024x576.jpg 1024w, http:\/\/www.arc-leipzig.de\/wp-content\/uploads\/2013\/04\/DSC_3241-300x168.jpg 300w, http:\/\/www.arc-leipzig.de\/wp-content\/uploads\/2013\/04\/DSC_3241-624x351.jpg 624w\" sizes=\"(max-width: 625px) 100vw, 625px\" \/><\/a><\/p>\n<p align=\"JUSTIFY\">Samstag morgen ging es dann an den ganz gro\u00dfen Sport, leider konnte sich keiner unserer Reiter f\u00fcr die 2. Runde qualifizieren. Also zeigten wir, wie man sich mit LK1 auf der Trib\u00fcne zu verhalten hat und kommentierten die weiteren Ritte. Zu sehen gab es unter anderem interessante Einlagen leicht bekleideter m\u00e4nnlicher Teilnehmer im Haflinger Springen und den K\u00fckencup, in welchem Theresa mit viel Spa\u00df den 7.Platz belegte. Zwischendurch standen wir noch auf der Hochzeit eines Mitglieds des ans\u00e4ssigen Reitvereins Spalier und zeigten gro\u00dfe St\u00e4rke im Seifenblasen pusten. Der sehr lange Samstag fand sein Finale auf der 2. Party, ebenfalls im Bunker. In Kooperation mit der Reitgruppe aus Siegen wurde bis in die fr\u00fchen Morgenstunden gefeiert und getanzt.<\/p>\n<p align=\"JUSTIFY\"><a href=\"http:\/\/www.arc-leipzig.de\/wp-content\/uploads\/2013\/04\/DSC_3240.jpg\"><img decoding=\"async\" loading=\"lazy\" class=\"alignnone size-large wp-image-409\" title=\"DSC_3240\" src=\"http:\/\/www.arc-leipzig.de\/wp-content\/uploads\/2013\/04\/DSC_3240-1024x576.jpg\" alt=\"\" width=\"625\" height=\"351\" srcset=\"http:\/\/www.arc-leipzig.de\/wp-content\/uploads\/2013\/04\/DSC_3240-1024x576.jpg 1024w, http:\/\/www.arc-leipzig.de\/wp-content\/uploads\/2013\/04\/DSC_3240-300x168.jpg 300w, http:\/\/www.arc-leipzig.de\/wp-content\/uploads\/2013\/04\/DSC_3240-624x351.jpg 624w\" sizes=\"(max-width: 625px) 100vw, 625px\" \/><\/a><\/p>\n<p align=\"JUSTIFY\">Das Springen am Sonntag verlief leider ebenfalls nicht besonders erfolgreich. Trotz stilistisch traumsch\u00f6ner Runden von Wanda, Hendrik und Lisa konnte sich keiner f\u00fcr das L-Springen qualifizieren. Dank des sch\u00f6nen Sonnenscheins, Helene Fischers Gesang und der fachm\u00e4nnischen Kommentierung durch Gero lie\u00df sich der Sonntag gut zu Ende bringen. Ein 11. Platz f\u00fcr die Mannschaft war nicht das erw\u00fcnschte Resultat, doch trotz fehlender sportlicher Erfolge hatten wir ein sch\u00f6nes CHU Marburg und freuen uns schon auf n\u00e4chstes Jahr und bedanken uns mit einem<strong> OOOOHHHHHH MARBURG!!!!<\/strong><\/p>\n","protected":false},"excerpt":{"rendered":"<p>Getreu dem Motto \u201eIch glaub es geht schon wieder los\u2026\u201c machten sich Hendrik, Wanda, Lisa, Theresa und K\u00fcken Marco gut gelaunt auf den Weg ins sch\u00f6ne Mittelhessen. Unser Teilmotto arbeitssuchende T\u00e4nzer wurde, frei nach Eric Prydz, liebevoll von uns umgesetzt und ausgelebt. Die Partylocation, eine zum Abriss bereitstehende Dorf Disco, verwandelte sich innerhalb k\u00fcrzester Zeit [&hellip;]<\/p>\n","protected":false},"author":3,"featured_media":0,"parent":23,"menu_order":0,"comment_status":"closed","ping_status":"open","template":"","meta":[],"_links":{"self":[{"href":"http:\/\/www.arc-leipzig.de\/index.php?rest_route=\/wp\/v2\/pages\/408"}],"collection":[{"href":"http:\/\/www.arc-leipzig.de\/index.php?rest_route=\/wp\/v2\/pages"}],"about":[{"href":"http:\/\/www.arc-leipzig.de\/index.php?rest_route=\/wp\/v2\/types\/page"}],"author":[{"embeddable":true,"href":"http:\/\/www.arc-leipzig.de\/index.php?rest_route=\/wp\/v2\/users\/3"}],"replies":[{"embeddable":true,"href":"http:\/\/www.arc-leipzig.de\/index.php?rest_route=%2Fwp%2Fv2%2Fcomments&post=408"}],"version-history":[{"count":3,"href":"http:\/\/www.arc-leipzig.de\/index.php?rest_route=\/wp\/v2\/pages\/408\/revisions"}],"predecessor-version":[{"id":414,"href":"http:\/\/www.arc-leipzig.de\/index.php?rest_route=\/wp\/v2\/pages\/408\/revisions\/414"}],"up":[{"embeddable":true,"href":"http:\/\/www.arc-leipzig.de\/index.php?rest_route=\/wp\/v2\/pages\/23"}],"wp:attachment":[{"href":"http:\/\/www.arc-leipzig.de\/index.php?rest_route=%2Fwp%2Fv2%2Fmedia&parent=408"}],"curies":[{"name":"wp","href":"https:\/\/api.w.org\/{rel}","templated":true}]}}