{"id":427,"date":"2013-05-02T20:19:11","date_gmt":"2013-05-02T18:19:11","guid":{"rendered":"http:\/\/www.arc-leipzig.de\/?page_id=427"},"modified":"2013-05-02T20:49:44","modified_gmt":"2013-05-02T18:49:44","slug":"chu-ilmenau-2013","status":"publish","type":"page","link":"http:\/\/www.arc-leipzig.de\/?page_id=427","title":{"rendered":"CHU Ilmenau 2013"},"content":{"rendered":"<h2 align=\"JUSTIFY\">Blutgruppe 10,0 \u2030<\/h2>\n<p align=\"JUSTIFY\">Zum vorerst letzten Studentenreitturnier machten sich am Freitag, bei einbrechender Nacht, die Leipziger Vampire Lisa, Laura und Tobi mit dem roten Batmobil auf den Weg in das th\u00fcringische M\u00fchlberg. Wochenendziel: S-Cup, Schlabu &#8211; Cup &amp; mindestens Platz 6 in der Mannschaftswertung.<\/p>\n<p align=\"JUSTIFY\"><a href=\"http:\/\/www.arc-leipzig.de\/wp-content\/uploads\/2013\/05\/CHU-Ilmenau-2013-11.jpg\"><img decoding=\"async\" loading=\"lazy\" class=\"alignnone size-large wp-image-426\" title=\"CHU Ilmenau 2013 11\" src=\"http:\/\/www.arc-leipzig.de\/wp-content\/uploads\/2013\/05\/CHU-Ilmenau-2013-11-1024x682.jpg\" alt=\"\" width=\"625\" height=\"416\" srcset=\"http:\/\/www.arc-leipzig.de\/wp-content\/uploads\/2013\/05\/CHU-Ilmenau-2013-11-1024x682.jpg 1024w, http:\/\/www.arc-leipzig.de\/wp-content\/uploads\/2013\/05\/CHU-Ilmenau-2013-11-300x200.jpg 300w, http:\/\/www.arc-leipzig.de\/wp-content\/uploads\/2013\/05\/CHU-Ilmenau-2013-11-624x416.jpg 624w, http:\/\/www.arc-leipzig.de\/wp-content\/uploads\/2013\/05\/CHU-Ilmenau-2013-11.jpg 1500w\" sizes=\"(max-width: 625px) 100vw, 625px\" \/><\/a><\/p>\n<p align=\"JUSTIFY\">Der erste Weg f\u00fchrte wie immer in die Turnhalle wo das Nachtlager aufgeschlagen, zahlreiche Fako getrunken und die ersten Lieder gesungen wurden. Durch Stephan aka. Steppi aka. Exil-Leipziger wurde das Team dann vervollst\u00e4ndigt, sodass wir uns zu viert auf den Weg zum Eintreffabend machen konnten. Wie gewohnt feierten wir bis in die fr\u00fchen Morgenstunden eine mordsm\u00e4\u00dfige Party, welche durch die Reitgruppe Jena &amp; Leipzig bei Tageslicht beendet wurde.<\/p>\n<p align=\"JUSTIFY\">\u00a0<a href=\"http:\/\/www.arc-leipzig.de\/wp-content\/uploads\/2013\/05\/CHU-Ilmenau-2013-2.jpg\"><img decoding=\"async\" loading=\"lazy\" class=\"alignnone size-medium wp-image-417\" title=\"CHU Ilmenau 2013 2\" src=\"http:\/\/www.arc-leipzig.de\/wp-content\/uploads\/2013\/05\/CHU-Ilmenau-2013-2-300x200.jpg\" alt=\"\" width=\"300\" height=\"200\" srcset=\"http:\/\/www.arc-leipzig.de\/wp-content\/uploads\/2013\/05\/CHU-Ilmenau-2013-2-300x200.jpg 300w, http:\/\/www.arc-leipzig.de\/wp-content\/uploads\/2013\/05\/CHU-Ilmenau-2013-2-1024x682.jpg 1024w, http:\/\/www.arc-leipzig.de\/wp-content\/uploads\/2013\/05\/CHU-Ilmenau-2013-2-624x416.jpg 624w, http:\/\/www.arc-leipzig.de\/wp-content\/uploads\/2013\/05\/CHU-Ilmenau-2013-2.jpg 1500w\" sizes=\"(max-width: 300px) 100vw, 300px\" \/><\/a> <a href=\"http:\/\/www.arc-leipzig.de\/wp-content\/uploads\/2013\/05\/CHU-Ilmenau-2013-4.jpg\"><img decoding=\"async\" loading=\"lazy\" class=\"alignnone size-medium wp-image-419\" title=\"CHU Ilmenau 2013 4\" src=\"http:\/\/www.arc-leipzig.de\/wp-content\/uploads\/2013\/05\/CHU-Ilmenau-2013-4-300x200.jpg\" alt=\"\" width=\"300\" height=\"200\" srcset=\"http:\/\/www.arc-leipzig.de\/wp-content\/uploads\/2013\/05\/CHU-Ilmenau-2013-4-300x200.jpg 300w, http:\/\/www.arc-leipzig.de\/wp-content\/uploads\/2013\/05\/CHU-Ilmenau-2013-4-1024x682.jpg 1024w, http:\/\/www.arc-leipzig.de\/wp-content\/uploads\/2013\/05\/CHU-Ilmenau-2013-4-624x416.jpg 624w, http:\/\/www.arc-leipzig.de\/wp-content\/uploads\/2013\/05\/CHU-Ilmenau-2013-4.jpg 1500w\" sizes=\"(max-width: 300px) 100vw, 300px\" \/><\/a><\/p>\n<p align=\"JUSTIFY\">Nach ausgiebigem Fr\u00fchst\u00fcck waren wir als dritte Reitgruppe auf unserer Pferdgruppe und &#8211; wer h\u00e4tte es gedacht??? &#8211; Leipzig geschlossen weiter in der n\u00e4chsten Runde!!! In der ersten L \u2013 Runde war es dann aber \u2013 zur Erleichterung unserer Springreitermannschaft &#8211; vorbei mit dem \u201esch\u00f6n reiten\u201c. Ein grandioser Start auf dem Weg eine gute Mannschaftswertung zu erreichen. Als Rahmenprogramm war eine Geisterjagd angesetzt, welche aus Bier trinken und Zwille schie\u00dfen bestand. Leider verpassten Lisa &amp; Tobi, trotz ausgekl\u00fcgelter Strategie, das Treppchen knapp und sicherten sich nur den 4. Platz.<\/p>\n<p align=\"JUSTIFY\"><a href=\"http:\/\/www.arc-leipzig.de\/wp-content\/uploads\/2013\/05\/CHU-Ilmenau-2013-5.jpg\"><img decoding=\"async\" loading=\"lazy\" class=\"alignnone size-thumbnail wp-image-420\" title=\"CHU Ilmenau 2013 5\" src=\"http:\/\/www.arc-leipzig.de\/wp-content\/uploads\/2013\/05\/CHU-Ilmenau-2013-5-150x150.jpg\" alt=\"\" width=\"150\" height=\"150\" \/><\/a> <a href=\"http:\/\/www.arc-leipzig.de\/wp-content\/uploads\/2013\/05\/CHU-Ilmenau-2013-6.jpg\"><img decoding=\"async\" loading=\"lazy\" class=\"alignnone size-thumbnail wp-image-421\" title=\"CHU Ilmenau 2013 6\" src=\"http:\/\/www.arc-leipzig.de\/wp-content\/uploads\/2013\/05\/CHU-Ilmenau-2013-6-150x150.jpg\" alt=\"\" width=\"150\" height=\"150\" \/><\/a> <a href=\"http:\/\/www.arc-leipzig.de\/wp-content\/uploads\/2013\/05\/CHU-Ilmenau-2013-8.jpg\"><img decoding=\"async\" loading=\"lazy\" class=\"alignnone size-thumbnail wp-image-423\" title=\"CHU Ilmenau 2013 8\" src=\"http:\/\/www.arc-leipzig.de\/wp-content\/uploads\/2013\/05\/CHU-Ilmenau-2013-8-150x150.jpg\" alt=\"\" width=\"150\" height=\"150\" \/><\/a> <a href=\"http:\/\/www.arc-leipzig.de\/wp-content\/uploads\/2013\/05\/CHU-Ilmenau-2013-9.jpg\"><img decoding=\"async\" loading=\"lazy\" class=\"alignnone size-thumbnail wp-image-424\" title=\"CHU Ilmenau 2013 9\" src=\"http:\/\/www.arc-leipzig.de\/wp-content\/uploads\/2013\/05\/CHU-Ilmenau-2013-9-150x150.jpg\" alt=\"\" width=\"150\" height=\"150\" \/><\/a><\/p>\n<p align=\"JUSTIFY\">Nach dem anschlie\u00dfenden leckeren Abendessen ging es zur\u00fcck zur Turnhalle, wo sich ein Teil der Truppe ganz unter der Motto \u201eNur die harten kommen in den Garten\u201c unter die einzige, eiskalte Dusche der Turnhalle stellte, w\u00e4hrend sich der andere Teil ganz \u201eM\u00e4chden Like\u201c *mimimimimi* eine warme Dusche suchte, um sich dort mit den Jungs &amp; M\u00e4dels anderer Reitgruppen zum kollektiven Gruppenduschen zu treffen. Wer hier wohl wem den R\u00fccken eingeseift hat\u2026;) Genauere Infos gibt es nur pers\u00f6nlich! \ud83d\ude00<\/p>\n<p align=\"JUSTIFY\">Danach hie\u00df es Kr\u00e4fte sammeln beim \u201eLuMaSport\u201c &#8211; nicht auf falsche Gedanken kommen, es wurde artig geschlafen &#8211; sich nach einem kurzen Nickerchen schickmachen und die Samstagsparty rocken. Erfreulicherweise fanden Tschibo und Luisa den Weg nach M\u00fchlberg (Alles f\u00fcr den Club!!!) um mit uns zu feiern und das Leipziger Team zu verst\u00e4rken. Nach einer etwas z\u00e4h beginnenden Party entwickelte sich der Abend doch noch zu einem echten Kracher, wobei ein H\u00f6hepunkt sicherlich der Geburtstagskuchen unseres Geburtstagskindes Franz war. Wie auch schon am Freitag verlie\u00dfen in den fr\u00fchen Morgenstunden Jena &amp; Leipzig gemeinsam die Party. Die wenigen Stunden Schlaf wurden effektiv genutzt und sich mental auf den, in den Augen eines Springreiters wichtigeren Tag des Turniers, vorbereitet.<\/p>\n<p align=\"JUSTIFY\"><a href=\"http:\/\/www.arc-leipzig.de\/wp-content\/uploads\/2013\/05\/CHU-Ilmenau-2013-3.jpg\"><img decoding=\"async\" loading=\"lazy\" class=\"alignnone size-medium wp-image-418\" title=\"CHU Ilmenau 2013 3\" src=\"http:\/\/www.arc-leipzig.de\/wp-content\/uploads\/2013\/05\/CHU-Ilmenau-2013-3-300x200.jpg\" alt=\"\" width=\"300\" height=\"200\" srcset=\"http:\/\/www.arc-leipzig.de\/wp-content\/uploads\/2013\/05\/CHU-Ilmenau-2013-3-300x200.jpg 300w, http:\/\/www.arc-leipzig.de\/wp-content\/uploads\/2013\/05\/CHU-Ilmenau-2013-3-1024x682.jpg 1024w, http:\/\/www.arc-leipzig.de\/wp-content\/uploads\/2013\/05\/CHU-Ilmenau-2013-3-624x416.jpg 624w, http:\/\/www.arc-leipzig.de\/wp-content\/uploads\/2013\/05\/CHU-Ilmenau-2013-3.jpg 1500w\" sizes=\"(max-width: 300px) 100vw, 300px\" \/><\/a> <a href=\"http:\/\/www.arc-leipzig.de\/wp-content\/uploads\/2013\/05\/CHU-Ilmenau-2013-1.jpg\"><img decoding=\"async\" loading=\"lazy\" class=\"alignnone size-medium wp-image-416\" title=\"CHU Ilmenau 2013 1\" src=\"http:\/\/www.arc-leipzig.de\/wp-content\/uploads\/2013\/05\/CHU-Ilmenau-2013-1-300x200.jpg\" alt=\"\" width=\"300\" height=\"200\" srcset=\"http:\/\/www.arc-leipzig.de\/wp-content\/uploads\/2013\/05\/CHU-Ilmenau-2013-1-300x200.jpg 300w, http:\/\/www.arc-leipzig.de\/wp-content\/uploads\/2013\/05\/CHU-Ilmenau-2013-1-1024x682.jpg 1024w, http:\/\/www.arc-leipzig.de\/wp-content\/uploads\/2013\/05\/CHU-Ilmenau-2013-1-624x416.jpg 624w, http:\/\/www.arc-leipzig.de\/wp-content\/uploads\/2013\/05\/CHU-Ilmenau-2013-1.jpg 1500w\" sizes=\"(max-width: 300px) 100vw, 300px\" \/><\/a><\/p>\n<p align=\"JUSTIFY\">In der A-Runde hatten Lisa und Steppi leider etwas Pech hatten und schieden aus. Nachdem es Tobi, wie auch beide anderen Reiter, nicht geschafft hatte seinen Haffi \u00fcber die Latten zu dr\u00fccken (wie war es nochmal: Mit Essen spielt man nicht??), wurde ein Ersatzpferd gestellt auf dem er sich f\u00fcr die 2. Runde durchsetzen konnte. Die erste L-Runde lief ebenfalls gut, im Halbfinale f\u00fcr ihn Schluss gegen den sp\u00e4teren Spring-, Dressur- und Kombisieger Schluss. Im Ergebnis reichte es f\u00fcr einen 4. Platz in der Mannschaftswertung (Ziel erreicht!!!), der S-Cup ging mit einem hauchd\u00fcnnen Vorsprung an die junge Reitgruppe Jena (Wer wars? \u2013 Jena War\u00b4s!!) welche kurzerhand Leipzig adoptierte und versprach ihre Siegpr\u00e4mie \u2013 FaKo, was sonst &#8211; mit uns bei einem Kooperationsstammtisch gemeinsam zu vernichten (OOOOOH OSTDEUTSCHLAND). Ansonten wurde Tobi 3. im Springen, 8. in der Dressur, 4. in der Kombi, Steppi 6. und Lisa 10. in der Dressur. Rundum war Ilmenau wie eh und jeh ein sch\u00f6nes Turnier. Pferde, Stimmung, Essen super.<\/p>\n<h3 style=\"text-align: center;\" align=\"JUSTIFY\">Darauf ein lautes OHHHHHH ILMENAU!!<\/h3>\n<p><a href=\"http:\/\/www.arc-leipzig.de\/wp-content\/uploads\/2013\/05\/CHU-Ilmenau-2013-10.jpg\"><img decoding=\"async\" loading=\"lazy\" class=\"alignnone size-full wp-image-425\" title=\"CHU Ilmenau 2013 10\" src=\"http:\/\/www.arc-leipzig.de\/wp-content\/uploads\/2013\/05\/CHU-Ilmenau-2013-10.jpg\" alt=\"\" width=\"652\" height=\"367\" srcset=\"http:\/\/www.arc-leipzig.de\/wp-content\/uploads\/2013\/05\/CHU-Ilmenau-2013-10.jpg 652w, http:\/\/www.arc-leipzig.de\/wp-content\/uploads\/2013\/05\/CHU-Ilmenau-2013-10-300x168.jpg 300w, http:\/\/www.arc-leipzig.de\/wp-content\/uploads\/2013\/05\/CHU-Ilmenau-2013-10-624x351.jpg 624w\" sizes=\"(max-width: 652px) 100vw, 652px\" \/><\/a><\/p>\n","protected":false},"excerpt":{"rendered":"<p>Blutgruppe 10,0 \u2030 Zum vorerst letzten Studentenreitturnier machten sich am Freitag, bei einbrechender Nacht, die Leipziger Vampire Lisa, Laura und Tobi mit dem roten Batmobil auf den Weg in das th\u00fcringische M\u00fchlberg. Wochenendziel: S-Cup, Schlabu &#8211; Cup &amp; mindestens Platz 6 in der Mannschaftswertung. Der erste Weg f\u00fchrte wie immer in die Turnhalle wo das [&hellip;]<\/p>\n","protected":false},"author":3,"featured_media":0,"parent":23,"menu_order":0,"comment_status":"closed","ping_status":"open","template":"","meta":[],"_links":{"self":[{"href":"http:\/\/www.arc-leipzig.de\/index.php?rest_route=\/wp\/v2\/pages\/427"}],"collection":[{"href":"http:\/\/www.arc-leipzig.de\/index.php?rest_route=\/wp\/v2\/pages"}],"about":[{"href":"http:\/\/www.arc-leipzig.de\/index.php?rest_route=\/wp\/v2\/types\/page"}],"author":[{"embeddable":true,"href":"http:\/\/www.arc-leipzig.de\/index.php?rest_route=\/wp\/v2\/users\/3"}],"replies":[{"embeddable":true,"href":"http:\/\/www.arc-leipzig.de\/index.php?rest_route=%2Fwp%2Fv2%2Fcomments&post=427"}],"version-history":[{"count":3,"href":"http:\/\/www.arc-leipzig.de\/index.php?rest_route=\/wp\/v2\/pages\/427\/revisions"}],"predecessor-version":[{"id":434,"href":"http:\/\/www.arc-leipzig.de\/index.php?rest_route=\/wp\/v2\/pages\/427\/revisions\/434"}],"up":[{"embeddable":true,"href":"http:\/\/www.arc-leipzig.de\/index.php?rest_route=\/wp\/v2\/pages\/23"}],"wp:attachment":[{"href":"http:\/\/www.arc-leipzig.de\/index.php?rest_route=%2Fwp%2Fv2%2Fmedia&parent=427"}],"curies":[{"name":"wp","href":"https:\/\/api.w.org\/{rel}","templated":true}]}}