{"id":536,"date":"2013-10-15T17:08:50","date_gmt":"2013-10-15T15:08:50","guid":{"rendered":"http:\/\/www.arc-leipzig.de\/?page_id=536"},"modified":"2013-10-15T17:09:57","modified_gmt":"2013-10-15T15:09:57","slug":"quali-leipzig-2013-der-weg-ist-das-ziel","status":"publish","type":"page","link":"http:\/\/www.arc-leipzig.de\/?page_id=536","title":{"rendered":"Quali Leipzig 2013 &#8211; &#8222;Der Weg ist das Ziel&#8220;"},"content":{"rendered":"<p style=\"text-align: justify;\">Vom 11.-13.10.2013 waren die Mannschaften aus Bonn, Gie\u00dfen, Marburg, Dresden, L\u00fcneburg, G\u00f6ttingen, Oldenburg, Darmstadt, Duisburg-Essen, Heidelberg, Mannheim und D\u00fcsseldorf zu Gast in Leipzig. Als Wanderreiter, Flugreisende, Schwimmer, Busreisende, Astronauten, Schiffsreisende, Wanderer, Pilger, Autofahrer, Zugreisende und Tramper fielen zum Eintreffabend in Abtnaundorf ein und brachten den Saal zum beben.<\/p>\n<p style=\"text-align: justify;\"><a href=\"http:\/\/www.arc-leipzig.de\/wp-content\/uploads\/2013\/10\/DSC05268.jpg\"><img decoding=\"async\" loading=\"lazy\" class=\"alignnone size-medium wp-image-538\" title=\"DSC05268\" src=\"http:\/\/www.arc-leipzig.de\/wp-content\/uploads\/2013\/10\/DSC05268-300x199.jpg\" alt=\"\" width=\"300\" height=\"199\" srcset=\"http:\/\/www.arc-leipzig.de\/wp-content\/uploads\/2013\/10\/DSC05268-300x199.jpg 300w, http:\/\/www.arc-leipzig.de\/wp-content\/uploads\/2013\/10\/DSC05268-1024x680.jpg 1024w, http:\/\/www.arc-leipzig.de\/wp-content\/uploads\/2013\/10\/DSC05268-624x414.jpg 624w\" sizes=\"(max-width: 300px) 100vw, 300px\" \/><\/a> <a href=\"http:\/\/www.arc-leipzig.de\/wp-content\/uploads\/2013\/10\/DSC05263.jpg\"><img decoding=\"async\" loading=\"lazy\" class=\"alignnone size-medium wp-image-537\" title=\"DSC05263\" src=\"http:\/\/www.arc-leipzig.de\/wp-content\/uploads\/2013\/10\/DSC05263-300x199.jpg\" alt=\"\" width=\"300\" height=\"199\" srcset=\"http:\/\/www.arc-leipzig.de\/wp-content\/uploads\/2013\/10\/DSC05263-300x199.jpg 300w, http:\/\/www.arc-leipzig.de\/wp-content\/uploads\/2013\/10\/DSC05263-1024x680.jpg 1024w, http:\/\/www.arc-leipzig.de\/wp-content\/uploads\/2013\/10\/DSC05263-624x414.jpg 624w\" sizes=\"(max-width: 300px) 100vw, 300px\" \/><\/a><\/p>\n<p style=\"text-align: justify;\">Auf der Reitanlage des RFV Herodot in Abtnaudorf wurden an den kommenden beiden Tagen spannende Wettk\u00e4mpfe um die begehrten DHM-Startpl\u00e4tze ausgetragen. Wir sahen Sport vom allerfeinsten, gute Stimmung und erstklassigen Teamgeist! Beim Parcoursaufbau bekamen die vielen flei\u00dfigen Bienchen aus der Leipziger Reitgruppe, die hinter den Kulissen rotierten um das Turnier unvergesslich zu machen, immer wieder tatkr\u00e4ftige Unterst\u00fctzung von den tollen startenden Reitgruppen! Samstagabend wurde dann der Boden des Hellraisers bei der Party noch einmal zum gl\u00fchen gebracht. Das Team aus Oldenburg pr\u00e4sentierte sich den zweiten Tag infolge besonders \u00fcberzeugend und sicherte damit den Survival-Cup. In reiterlicher Hinsicht hatte an diesem Wochenende G\u00f6ttingen die Nase ganz weit vorn: Sieg in der Dressur, Sieg im Springen, Sieg in der Kombi und damit nat\u00fcrlich Sieg in der Mannschaftswertung. Dar\u00fcberhinaus konnten sich die Reitgruppen aus L\u00fcneburg, Bonn und Marburg f\u00fcr die DHM qualifizieren!<\/p>\n<p style=\"text-align: justify;\"><a href=\"http:\/\/www.arc-leipzig.de\/wp-content\/uploads\/2013\/10\/DSC05402.jpg\"><img decoding=\"async\" loading=\"lazy\" class=\"alignnone size-medium wp-image-539\" title=\"DSC05402\" src=\"http:\/\/www.arc-leipzig.de\/wp-content\/uploads\/2013\/10\/DSC05402-300x199.jpg\" alt=\"\" width=\"300\" height=\"199\" srcset=\"http:\/\/www.arc-leipzig.de\/wp-content\/uploads\/2013\/10\/DSC05402-300x199.jpg 300w, http:\/\/www.arc-leipzig.de\/wp-content\/uploads\/2013\/10\/DSC05402-1024x680.jpg 1024w, http:\/\/www.arc-leipzig.de\/wp-content\/uploads\/2013\/10\/DSC05402-624x414.jpg 624w\" sizes=\"(max-width: 300px) 100vw, 300px\" \/><\/a> <a href=\"http:\/\/www.arc-leipzig.de\/wp-content\/uploads\/2013\/10\/DSC05410.jpg\"><img decoding=\"async\" loading=\"lazy\" class=\"alignnone size-medium wp-image-540\" title=\"DSC05410\" src=\"http:\/\/www.arc-leipzig.de\/wp-content\/uploads\/2013\/10\/DSC05410-e1381849612503-300x200.jpg\" alt=\"\" width=\"300\" height=\"200\" srcset=\"http:\/\/www.arc-leipzig.de\/wp-content\/uploads\/2013\/10\/DSC05410-e1381849612503-300x200.jpg 300w, http:\/\/www.arc-leipzig.de\/wp-content\/uploads\/2013\/10\/DSC05410-e1381849612503-1024x682.jpg 1024w\" sizes=\"(max-width: 300px) 100vw, 300px\" \/><\/a><\/p>\n<p style=\"text-align: justify;\">Wir gratulieren zur Qualifikation und m\u00f6chten noch einmal allen, die am Gelingen des Turniers beteiligt waren ein riesiges DANKESCH\u00d6N aussprechen! In diesem Sinne:<\/p>\n<p style=\"text-align: center;\">OOH Pferdebesitzer! OOH Sponsoren! OOH Helfer! OOH Alle Anderen! <strong>OOH LEIPZIG!<\/strong><\/p>\n","protected":false},"excerpt":{"rendered":"<p>Vom 11.-13.10.2013 waren die Mannschaften aus Bonn, Gie\u00dfen, Marburg, Dresden, L\u00fcneburg, G\u00f6ttingen, Oldenburg, Darmstadt, Duisburg-Essen, Heidelberg, Mannheim und D\u00fcsseldorf zu Gast in Leipzig. Als Wanderreiter, Flugreisende, Schwimmer, Busreisende, Astronauten, Schiffsreisende, Wanderer, Pilger, Autofahrer, Zugreisende und Tramper fielen zum Eintreffabend in Abtnaundorf ein und brachten den Saal zum beben. Auf der Reitanlage des RFV Herodot in [&hellip;]<\/p>\n","protected":false},"author":3,"featured_media":0,"parent":23,"menu_order":0,"comment_status":"closed","ping_status":"open","template":"","meta":[],"_links":{"self":[{"href":"http:\/\/www.arc-leipzig.de\/index.php?rest_route=\/wp\/v2\/pages\/536"}],"collection":[{"href":"http:\/\/www.arc-leipzig.de\/index.php?rest_route=\/wp\/v2\/pages"}],"about":[{"href":"http:\/\/www.arc-leipzig.de\/index.php?rest_route=\/wp\/v2\/types\/page"}],"author":[{"embeddable":true,"href":"http:\/\/www.arc-leipzig.de\/index.php?rest_route=\/wp\/v2\/users\/3"}],"replies":[{"embeddable":true,"href":"http:\/\/www.arc-leipzig.de\/index.php?rest_route=%2Fwp%2Fv2%2Fcomments&post=536"}],"version-history":[{"count":2,"href":"http:\/\/www.arc-leipzig.de\/index.php?rest_route=\/wp\/v2\/pages\/536\/revisions"}],"predecessor-version":[{"id":542,"href":"http:\/\/www.arc-leipzig.de\/index.php?rest_route=\/wp\/v2\/pages\/536\/revisions\/542"}],"up":[{"embeddable":true,"href":"http:\/\/www.arc-leipzig.de\/index.php?rest_route=\/wp\/v2\/pages\/23"}],"wp:attachment":[{"href":"http:\/\/www.arc-leipzig.de\/index.php?rest_route=%2Fwp%2Fv2%2Fmedia&parent=536"}],"curies":[{"name":"wp","href":"https:\/\/api.w.org\/{rel}","templated":true}]}}