{"id":632,"date":"2014-01-20T19:56:42","date_gmt":"2014-01-20T17:56:42","guid":{"rendered":"http:\/\/www.arc-leipzig.de\/?page_id=632"},"modified":"2014-01-20T19:56:59","modified_gmt":"2014-01-20T17:56:59","slug":"chu-marburg-2013","status":"publish","type":"page","link":"http:\/\/www.arc-leipzig.de\/?page_id=632","title":{"rendered":"CHU Marburg 2013"},"content":{"rendered":"<p style=\"text-align: justify;\">Ausgehungert wegen viel zur langer Studententurnierabstinenz w\u00e4hrend der gr\u00fcnen Saison machte sich eine wilde Horde Leipziger M\u00e4dels vom 27.-29.09.2013 auf den Weg nach Marburg. W\u00e4hrend Laura mit Freitags-BackUp aus Ilmenau schon fr\u00fchzeitig in der Luxusturnhalle eintraf, um eine Leipzigecke klarzumachen und den Banner zu hissen, kamen Lena, Doro, Marianne und Theresa wie gewohnt f\u00fcnf vor zw\u00f6lf in Marburg an. \ud83d\ude09 In k\u00fcrzester Zeit wurden die liebevoll gebastelten Leichenkost\u00fcme \u00fcbergeworfen, dass schaurig sch\u00f6ne Make-Up aufgetragen und die Stimmen schonmal f\u00fcr den Survival-Cup-Kampf aufgew\u00e4rmt. Dann hie\u00df es mit Vollgas auf die Party. Hier war bereits gute Stimmung und eine vollgestopfte Tanzfl\u00e4che vorhanden, sodass wir kurzerhand auf B\u00e4nke und Tische stiegen um uns richtig entfalten zu k\u00f6nnen. Die Stunden vergingen wie im Flug und nachdem die Marburger Reitgruppe uns von der Party \u201egekehrt\u201c hatte machten wir uns auf den Weg zur Turnhalle um noch zwei St\u00fcndchen Sch\u00f6nheitsschlaf zu halten.<\/p>\n<p style=\"text-align: justify;\">Samstagmorgen ging es dann wieder topfit zur Reitanlage. In der Mannschaftsdressur zeigten unsere M\u00e4dels eine gute Leistung, besonders Doro fiel positiv auf und konnte sich f\u00fcr die n\u00e4chste Runde qualifizieren. Auch in der L-Dressur auf Trense pr\u00e4sentierte sie sich \u00fcberzeugend und zog ins Halbfinale ein. Hier harmonierte sie ebenfalls sehr gut mit ihrem zugelosten Pferd, kleine Patzer verhinderten aber den Einzug ins Finale. Nach einem sehr erfolgreichen und sonnigen Tag auf der Anlage zogen wir uns dann zum Powernapping in unsere Vier-Sterne-Turnhalle zur\u00fcck. Gut erholt und mit neuer Energie ging es dann zur letzten Pr\u00fcfung des Tages: 2. Qualifikation f\u00fcr den S-Cup. \ud83d\ude09 Hier wurde wieder geknotet was das Zeug h\u00e4lt, die letzten Reste der Stimme verpulvert und auch anderweitig alle Register gezogen. Es war ein harter Kampf mit der Reitgruppe M\u00fcnster, die mit gegenseitigem aus-der-Partylocation-tragen und anschlie\u00dfenden Gesangsaktionen vor der Turnhalle endete.<\/p>\n<p style=\"text-align: justify;\">Sonntag mussten dann die Reiter nochmal ran. Spa\u00df mit bunten Stangen war angesagt. Im A-Springen konnte sich wegen ungl\u00fccklicher Fehler nur Lena f\u00fcr die 1. L-Runde qualifizieren. Hier war dann trotz einer sch\u00f6nen Runde auch f\u00fcr die Schluss. Mit Spannung verfolgten wir den restlichen Sport, bewunderten und kommentierten unter anderem hochprofessionell das Dressurfinale mit Pflicht und K\u00fcr. Auf der Siegerehrung sahnten die Mannschaft dann flei\u00dfig Rittersport-Schoki ab. Das Endresultat war Platz 7 mit der Mannschaft, ein 3. Rang in der Dressur f\u00fcr Doro und Rang 6 f\u00fcr Lena im Springen. Um den Survival-Cup wurden wir wegen eines illegalen Reitgruppenzusammenschlusses betrogen, nichtsdestotrotz sind wir die Sieger der Herzen und haben als einzige Ostreitgruppe ein traumsch\u00f6nes CHU Marburg im wilden Westen verbracht!<\/p>\n<p style=\"text-align: center;\">In diesem Sinne: <strong>OOOOOOH MARBURG<\/strong>!<\/p>\n","protected":false},"excerpt":{"rendered":"<p>Ausgehungert wegen viel zur langer Studententurnierabstinenz w\u00e4hrend der gr\u00fcnen Saison machte sich eine wilde Horde Leipziger M\u00e4dels vom 27.-29.09.2013 auf den Weg nach Marburg. W\u00e4hrend Laura mit Freitags-BackUp aus Ilmenau schon fr\u00fchzeitig in der Luxusturnhalle eintraf, um eine Leipzigecke klarzumachen und den Banner zu hissen, kamen Lena, Doro, Marianne und Theresa wie gewohnt f\u00fcnf vor [&hellip;]<\/p>\n","protected":false},"author":3,"featured_media":0,"parent":23,"menu_order":0,"comment_status":"closed","ping_status":"open","template":"","meta":[],"_links":{"self":[{"href":"http:\/\/www.arc-leipzig.de\/index.php?rest_route=\/wp\/v2\/pages\/632"}],"collection":[{"href":"http:\/\/www.arc-leipzig.de\/index.php?rest_route=\/wp\/v2\/pages"}],"about":[{"href":"http:\/\/www.arc-leipzig.de\/index.php?rest_route=\/wp\/v2\/types\/page"}],"author":[{"embeddable":true,"href":"http:\/\/www.arc-leipzig.de\/index.php?rest_route=\/wp\/v2\/users\/3"}],"replies":[{"embeddable":true,"href":"http:\/\/www.arc-leipzig.de\/index.php?rest_route=%2Fwp%2Fv2%2Fcomments&post=632"}],"version-history":[{"count":3,"href":"http:\/\/www.arc-leipzig.de\/index.php?rest_route=\/wp\/v2\/pages\/632\/revisions"}],"predecessor-version":[{"id":635,"href":"http:\/\/www.arc-leipzig.de\/index.php?rest_route=\/wp\/v2\/pages\/632\/revisions\/635"}],"up":[{"embeddable":true,"href":"http:\/\/www.arc-leipzig.de\/index.php?rest_route=\/wp\/v2\/pages\/23"}],"wp:attachment":[{"href":"http:\/\/www.arc-leipzig.de\/index.php?rest_route=%2Fwp%2Fv2%2Fmedia&parent=632"}],"curies":[{"name":"wp","href":"https:\/\/api.w.org\/{rel}","templated":true}]}}